{"id":798,"date":"2024-01-10T19:55:14","date_gmt":"2024-01-10T19:55:14","guid":{"rendered":"https:\/\/handsforhorses.se\/?page_id=798"},"modified":"2025-08-09T15:46:29","modified_gmt":"2025-08-09T15:46:29","slug":"kinesiologi-tejpning","status":"publish","type":"page","link":"https:\/\/handsforhorses.se\/?page_id=798","title":{"rendered":"Kinesiologi Tejpning"},"content":{"rendered":"\n<p>F\u00f6r en b\u00e4ttre proprioception och en mer l\u00e5ngvarig effekt av min manuella behandling tejpar jag ofta h\u00e4starna med kinesiologitejp.<\/p>\n\n\n\n<p>F\u00f6rfarandet ger biofeedback genom att h\u00f6ja proprioceptionen. Detta uppmuntrar h\u00e4sten att &#8221;anv\u00e4nda&#8221; de muskelgrupper som antingen var stela eller sp\u00e4nda f\u00f6re behandlingen.<\/p>\n\n\n\n<p>F\u00f6r att f\u00e5 b\u00e4sta resultat, arbetar jag med <a href=\"https:\/\/www.vetkintape.com\/\">VetkinTape<\/a>\u00ae<\/p>\n\n\n\n<p>H\u00e4r \u00e4r n\u00e5gra exempel p\u00e5 mitt arbete. Observera den s\u00e5kallad &#8221;fascia lift&#8221; som ibland syns efter tejpningen.<\/p>\n\n\n\n<figure class=\"wp-block-image size-full\"><img loading=\"lazy\" decoding=\"async\" width=\"768\" height=\"1024\" src=\"https:\/\/handsforhorses.se\/wp-content\/uploads\/2025\/08\/IMG_3901-768x1024-1.jpeg\" alt=\"\" class=\"wp-image-915\" srcset=\"https:\/\/handsforhorses.se\/wp-content\/uploads\/2025\/08\/IMG_3901-768x1024-1.jpeg 768w, https:\/\/handsforhorses.se\/wp-content\/uploads\/2025\/08\/IMG_3901-768x1024-1-225x300.jpeg 225w\" sizes=\"auto, (max-width: 768px) 100vw, 768px\" \/><figcaption class=\"wp-element-caption\">F\u00f6r en sp\u00e4nd ryggmuskel kan denna typ av tejpning vara mycket effektiv.<\/figcaption><\/figure>\n\n\n\n<figure class=\"wp-block-image size-large\"><img loading=\"lazy\" decoding=\"async\" width=\"768\" height=\"1024\" src=\"https:\/\/handsforhorses.se\/wp-content\/uploads\/2024\/01\/IMG_5198-1-768x1024.jpeg\" alt=\"\" class=\"wp-image-804\" srcset=\"https:\/\/handsforhorses.se\/wp-content\/uploads\/2024\/01\/IMG_5198-1-768x1024.jpeg 768w, https:\/\/handsforhorses.se\/wp-content\/uploads\/2024\/01\/IMG_5198-1-225x300.jpeg 225w, https:\/\/handsforhorses.se\/wp-content\/uploads\/2024\/01\/IMG_5198-1-1152x1536.jpeg 1152w, https:\/\/handsforhorses.se\/wp-content\/uploads\/2024\/01\/IMG_5198-1.jpeg 1536w\" sizes=\"auto, (max-width: 768px) 100vw, 768px\" \/><figcaption class=\"wp-element-caption\">H\u00e4star med st\u00f6rre genomtramp f\u00e5 b\u00e4ttre stabilitet med denna typ av applikation.<\/figcaption><\/figure>\n\n\n\n<figure class=\"wp-block-image size-large\"><img loading=\"lazy\" decoding=\"async\" width=\"822\" height=\"1024\" src=\"https:\/\/handsforhorses.se\/wp-content\/uploads\/2024\/01\/341468603_601711328544299_3112733153747550149_n-1-822x1024.jpg\" alt=\"\" class=\"wp-image-799\" srcset=\"https:\/\/handsforhorses.se\/wp-content\/uploads\/2024\/01\/341468603_601711328544299_3112733153747550149_n-1-822x1024.jpg 822w, https:\/\/handsforhorses.se\/wp-content\/uploads\/2024\/01\/341468603_601711328544299_3112733153747550149_n-1-241x300.jpg 241w, https:\/\/handsforhorses.se\/wp-content\/uploads\/2024\/01\/341468603_601711328544299_3112733153747550149_n-1-768x956.jpg 768w, https:\/\/handsforhorses.se\/wp-content\/uploads\/2024\/01\/341468603_601711328544299_3112733153747550149_n-1-1234x1536.jpg 1234w, https:\/\/handsforhorses.se\/wp-content\/uploads\/2024\/01\/341468603_601711328544299_3112733153747550149_n-1.jpg 1440w\" sizes=\"auto, (max-width: 822px) 100vw, 822px\" \/><figcaption class=\"wp-element-caption\">Kinesiotape kan inte bara anv\u00e4ndas f\u00f6r att behandla sp\u00e4nda muskler, utan ocks\u00e5 f\u00f6r att \u00f6ka proprioceptionen.<\/figcaption><\/figure>\n\n\n\n<figure class=\"wp-block-image size-large\"><img loading=\"lazy\" decoding=\"async\" width=\"768\" height=\"1024\" src=\"https:\/\/handsforhorses.se\/wp-content\/uploads\/2025\/08\/IMG_5479-1-768x1024.jpeg\" alt=\"\" class=\"wp-image-916\" srcset=\"https:\/\/handsforhorses.se\/wp-content\/uploads\/2025\/08\/IMG_5479-1-768x1024.jpeg 768w, https:\/\/handsforhorses.se\/wp-content\/uploads\/2025\/08\/IMG_5479-1-225x300.jpeg 225w, https:\/\/handsforhorses.se\/wp-content\/uploads\/2025\/08\/IMG_5479-1-1152x1536.jpeg 1152w, https:\/\/handsforhorses.se\/wp-content\/uploads\/2025\/08\/IMG_5479-1.jpeg 1536w\" sizes=\"auto, (max-width: 768px) 100vw, 768px\" \/><figcaption class=\"wp-element-caption\">En annan version f\u00f6r anv\u00e4ndningen av tejp vid ryggbehandling<\/figcaption><\/figure>\n\n\n\n<p>Tillbaka till <a href=\"https:\/\/handsforhorses.se\/?page_id=600\">Mina Behandlingsmetoder<\/a><\/p>\n\n\n\n<p><\/p>\n","protected":false},"excerpt":{"rendered":"<p>F\u00f6r en b\u00e4ttre proprioception och en mer l\u00e5ngvarig effekt av min manuella behandling tejpar jag ofta h\u00e4starna med kinesiologitejp. F\u00f6rfarandet ger biofeedback genom att h\u00f6ja proprioceptionen. Detta uppmuntrar h\u00e4sten att &#8221;anv\u00e4nda&#8221; de muskelgrupper som antingen var stela eller sp\u00e4nda f\u00f6re behandlingen. F\u00f6r att f\u00e5 b\u00e4sta resultat, arbetar jag med VetkinTape\u00ae H\u00e4r \u00e4r n\u00e5gra exempel p\u00e5&hellip; <a class=\"more-link\" href=\"https:\/\/handsforhorses.se\/?page_id=798\">L\u00e4s mer <span class=\"screen-reader-text\">Kinesiologi Tejpning<\/span><\/a><\/p>\n","protected":false},"author":2,"featured_media":0,"parent":0,"menu_order":0,"comment_status":"closed","ping_status":"closed","template":"","meta":{"footnotes":""},"class_list":["post-798","page","type-page","status-publish","hentry"],"_links":{"self":[{"href":"https:\/\/handsforhorses.se\/index.php?rest_route=\/wp\/v2\/pages\/798","targetHints":{"allow":["GET"]}}],"collection":[{"href":"https:\/\/handsforhorses.se\/index.php?rest_route=\/wp\/v2\/pages"}],"about":[{"href":"https:\/\/handsforhorses.se\/index.php?rest_route=\/wp\/v2\/types\/page"}],"author":[{"embeddable":true,"href":"https:\/\/handsforhorses.se\/index.php?rest_route=\/wp\/v2\/users\/2"}],"replies":[{"embeddable":true,"href":"https:\/\/handsforhorses.se\/index.php?rest_route=%2Fwp%2Fv2%2Fcomments&post=798"}],"version-history":[{"count":5,"href":"https:\/\/handsforhorses.se\/index.php?rest_route=\/wp\/v2\/pages\/798\/revisions"}],"predecessor-version":[{"id":955,"href":"https:\/\/handsforhorses.se\/index.php?rest_route=\/wp\/v2\/pages\/798\/revisions\/955"}],"wp:attachment":[{"href":"https:\/\/handsforhorses.se\/index.php?rest_route=%2Fwp%2Fv2%2Fmedia&parent=798"}],"curies":[{"name":"wp","href":"https:\/\/api.w.org\/{rel}","templated":true}]}}