{"id":776,"date":"2024-01-10T19:44:55","date_gmt":"2024-01-10T19:44:55","guid":{"rendered":"https:\/\/handsforhorses.se\/?page_id=776"},"modified":"2025-08-09T15:48:08","modified_gmt":"2025-08-09T15:48:08","slug":"manuell-terapi","status":"publish","type":"page","link":"https:\/\/handsforhorses.se\/?page_id=776","title":{"rendered":"Manuell terapi"},"content":{"rendered":"\n<p>Den manuella terapin ligger n\u00e4ra den klassiska svenska massagen som beskrivs tidigare p\u00e5 min hemsida.<\/p>\n\n\n\n<p>Mina h\u00e4nder \u00e4r mitt b\u00e4sta verktyg f\u00f6r att uppt\u00e4cka sp\u00e4nningar och hur h\u00e4sten reagerar p\u00e5 behandlingen. Typiska tekniker jag anv\u00e4nder \u00e4r effleurage, cirkul\u00e4ra r\u00f6relser, l\u00e5nga strykningar och kn\u00e5dning.<\/p>\n\n\n\n<p>Den manuella terapin \u00e4r ett perfekt komplement till EFTR\u00ae och den handh\u00e5llna vibrationsenheten.<\/p>\n\n\n\n<p>Ut\u00f6ver den manuella terapin anv\u00e4nder jag ett manuellt verktyg (Fasciq\u00ae) som \u00e4r en perfekt upps\u00e4ttning f\u00f6r att behandla det myofasciella systemet.<\/p>\n\n\n\n<p>H\u00e4r \u00e4r n\u00e5gra typiska bilder som tagits under min manuella terapi:<\/p>\n\n\n\n<figure class=\"wp-block-image size-large\"><img loading=\"lazy\" decoding=\"async\" width=\"1024\" height=\"683\" src=\"https:\/\/handsforhorses.se\/wp-content\/uploads\/2020\/03\/Homepage-fernet-1024x683.jpg\" alt=\"\" class=\"wp-image-395\" srcset=\"https:\/\/handsforhorses.se\/wp-content\/uploads\/2020\/03\/Homepage-fernet-1024x683.jpg 1024w, https:\/\/handsforhorses.se\/wp-content\/uploads\/2020\/03\/Homepage-fernet-300x200.jpg 300w, https:\/\/handsforhorses.se\/wp-content\/uploads\/2020\/03\/Homepage-fernet-768x512.jpg 768w, https:\/\/handsforhorses.se\/wp-content\/uploads\/2020\/03\/Homepage-fernet-1536x1024.jpg 1536w, https:\/\/handsforhorses.se\/wp-content\/uploads\/2020\/03\/Homepage-fernet-2048x1365.jpg 2048w, https:\/\/handsforhorses.se\/wp-content\/uploads\/2020\/03\/Homepage-fernet-480x320.jpg 480w, https:\/\/handsforhorses.se\/wp-content\/uploads\/2020\/03\/Homepage-fernet-450x300.jpg 450w\" sizes=\"auto, (max-width: 1024px) 100vw, 1024px\" \/><figcaption class=\"wp-element-caption\">Kontakt med h\u00e4sten under behandlingen \u00e4r viktigt.<\/figcaption><\/figure>\n\n\n\n<figure class=\"wp-block-image size-large\"><img loading=\"lazy\" decoding=\"async\" width=\"1024\" height=\"683\" src=\"https:\/\/handsforhorses.se\/wp-content\/uploads\/2020\/03\/Direktpressur-1024x683.jpg\" alt=\"\" class=\"wp-image-389\" srcset=\"https:\/\/handsforhorses.se\/wp-content\/uploads\/2020\/03\/Direktpressur-1024x683.jpg 1024w, https:\/\/handsforhorses.se\/wp-content\/uploads\/2020\/03\/Direktpressur-300x200.jpg 300w, https:\/\/handsforhorses.se\/wp-content\/uploads\/2020\/03\/Direktpressur-768x512.jpg 768w, https:\/\/handsforhorses.se\/wp-content\/uploads\/2020\/03\/Direktpressur-1536x1024.jpg 1536w, https:\/\/handsforhorses.se\/wp-content\/uploads\/2020\/03\/Direktpressur-2048x1365.jpg 2048w, https:\/\/handsforhorses.se\/wp-content\/uploads\/2020\/03\/Direktpressur-480x320.jpg 480w, https:\/\/handsforhorses.se\/wp-content\/uploads\/2020\/03\/Direktpressur-450x300.jpg 450w\" sizes=\"auto, (max-width: 1024px) 100vw, 1024px\" \/><figcaption class=\"wp-element-caption\">Direktpressur f\u00f6r en sp\u00e4nd muskel<\/figcaption><\/figure>\n\n\n\n<figure class=\"wp-block-image size-large\"><img loading=\"lazy\" decoding=\"async\" width=\"1024\" height=\"683\" src=\"https:\/\/handsforhorses.se\/wp-content\/uploads\/2020\/03\/Fascia-Stretch-1024x683.jpg\" alt=\"\" class=\"wp-image-394\" srcset=\"https:\/\/handsforhorses.se\/wp-content\/uploads\/2020\/03\/Fascia-Stretch-1024x683.jpg 1024w, https:\/\/handsforhorses.se\/wp-content\/uploads\/2020\/03\/Fascia-Stretch-300x200.jpg 300w, https:\/\/handsforhorses.se\/wp-content\/uploads\/2020\/03\/Fascia-Stretch-768x512.jpg 768w, https:\/\/handsforhorses.se\/wp-content\/uploads\/2020\/03\/Fascia-Stretch-1536x1024.jpg 1536w, https:\/\/handsforhorses.se\/wp-content\/uploads\/2020\/03\/Fascia-Stretch-2048x1365.jpg 2048w, https:\/\/handsforhorses.se\/wp-content\/uploads\/2020\/03\/Fascia-Stretch-480x320.jpg 480w, https:\/\/handsforhorses.se\/wp-content\/uploads\/2020\/03\/Fascia-Stretch-450x300.jpg 450w\" sizes=\"auto, (max-width: 1024px) 100vw, 1024px\" \/><figcaption class=\"wp-element-caption\">\u00c4ven h\u00e4r behandlas fascia.<\/figcaption><\/figure>\n\n\n\n<figure class=\"wp-block-image size-large\"><img loading=\"lazy\" decoding=\"async\" width=\"1024\" height=\"683\" src=\"https:\/\/handsforhorses.se\/wp-content\/uploads\/2020\/03\/Kompression-br\u00f6st-1024x683.jpg\" alt=\"\" class=\"wp-image-379\" srcset=\"https:\/\/handsforhorses.se\/wp-content\/uploads\/2020\/03\/Kompression-br\u00f6st-1024x683.jpg 1024w, https:\/\/handsforhorses.se\/wp-content\/uploads\/2020\/03\/Kompression-br\u00f6st-300x200.jpg 300w, https:\/\/handsforhorses.se\/wp-content\/uploads\/2020\/03\/Kompression-br\u00f6st-768x512.jpg 768w, https:\/\/handsforhorses.se\/wp-content\/uploads\/2020\/03\/Kompression-br\u00f6st-1536x1024.jpg 1536w, https:\/\/handsforhorses.se\/wp-content\/uploads\/2020\/03\/Kompression-br\u00f6st-2048x1365.jpg 2048w, https:\/\/handsforhorses.se\/wp-content\/uploads\/2020\/03\/Kompression-br\u00f6st-480x320.jpg 480w, https:\/\/handsforhorses.se\/wp-content\/uploads\/2020\/03\/Kompression-br\u00f6st-450x300.jpg 450w\" sizes=\"auto, (max-width: 1024px) 100vw, 1024px\" \/><figcaption class=\"wp-element-caption\">Klassisk massagegrepp p\u00e5 h\u00e4st<\/figcaption><\/figure>\n\n\n\n<figure class=\"wp-block-image size-large\"><img loading=\"lazy\" decoding=\"async\" width=\"683\" height=\"1024\" src=\"https:\/\/handsforhorses.se\/wp-content\/uploads\/2025\/08\/IY4J3501-2-683x1024.jpg\" alt=\"\" class=\"wp-image-909\" srcset=\"https:\/\/handsforhorses.se\/wp-content\/uploads\/2025\/08\/IY4J3501-2-683x1024.jpg 683w, https:\/\/handsforhorses.se\/wp-content\/uploads\/2025\/08\/IY4J3501-2-200x300.jpg 200w, https:\/\/handsforhorses.se\/wp-content\/uploads\/2025\/08\/IY4J3501-2-768x1152.jpg 768w, https:\/\/handsforhorses.se\/wp-content\/uploads\/2025\/08\/IY4J3501-2-1024x1536.jpg 1024w, https:\/\/handsforhorses.se\/wp-content\/uploads\/2025\/08\/IY4J3501-2-1365x2048.jpg 1365w, https:\/\/handsforhorses.se\/wp-content\/uploads\/2025\/08\/IY4J3501-2-scaled.jpg 1707w\" sizes=\"auto, (max-width: 683px) 100vw, 683px\" \/><figcaption class=\"wp-element-caption\">Foto: Rebecka Jensen<\/figcaption><\/figure>\n\n\n\n<p>Tillbaka till <a href=\"https:\/\/handsforhorses.se\/?page_id=600\">Mina Behandlingsmetoder<\/a><\/p>\n","protected":false},"excerpt":{"rendered":"<p>Den manuella terapin ligger n\u00e4ra den klassiska svenska massagen som beskrivs tidigare p\u00e5 min hemsida. Mina h\u00e4nder \u00e4r mitt b\u00e4sta verktyg f\u00f6r att uppt\u00e4cka sp\u00e4nningar och hur h\u00e4sten reagerar p\u00e5 behandlingen. Typiska tekniker jag anv\u00e4nder \u00e4r effleurage, cirkul\u00e4ra r\u00f6relser, l\u00e5nga strykningar och kn\u00e5dning. Den manuella terapin \u00e4r ett perfekt komplement till EFTR\u00ae och den handh\u00e5llna&hellip; <a class=\"more-link\" href=\"https:\/\/handsforhorses.se\/?page_id=776\">L\u00e4s mer <span class=\"screen-reader-text\">Manuell terapi<\/span><\/a><\/p>\n","protected":false},"author":2,"featured_media":0,"parent":0,"menu_order":0,"comment_status":"closed","ping_status":"closed","template":"","meta":{"footnotes":""},"class_list":["post-776","page","type-page","status-publish","hentry"],"_links":{"self":[{"href":"https:\/\/handsforhorses.se\/index.php?rest_route=\/wp\/v2\/pages\/776","targetHints":{"allow":["GET"]}}],"collection":[{"href":"https:\/\/handsforhorses.se\/index.php?rest_route=\/wp\/v2\/pages"}],"about":[{"href":"https:\/\/handsforhorses.se\/index.php?rest_route=\/wp\/v2\/types\/page"}],"author":[{"embeddable":true,"href":"https:\/\/handsforhorses.se\/index.php?rest_route=\/wp\/v2\/users\/2"}],"replies":[{"embeddable":true,"href":"https:\/\/handsforhorses.se\/index.php?rest_route=%2Fwp%2Fv2%2Fcomments&post=776"}],"version-history":[{"count":3,"href":"https:\/\/handsforhorses.se\/index.php?rest_route=\/wp\/v2\/pages\/776\/revisions"}],"predecessor-version":[{"id":957,"href":"https:\/\/handsforhorses.se\/index.php?rest_route=\/wp\/v2\/pages\/776\/revisions\/957"}],"wp:attachment":[{"href":"https:\/\/handsforhorses.se\/index.php?rest_route=%2Fwp%2Fv2%2Fmedia&parent=776"}],"curies":[{"name":"wp","href":"https:\/\/api.w.org\/{rel}","templated":true}]}}