{"id":744,"date":"2024-01-09T20:16:32","date_gmt":"2024-01-09T20:16:32","guid":{"rendered":"https:\/\/handsforhorses.se\/?page_id=744"},"modified":"2024-01-12T20:58:30","modified_gmt":"2024-01-12T20:58:30","slug":"balance-ubungen","status":"publish","type":"page","link":"https:\/\/handsforhorses.se\/?page_id=744&lang=de","title":{"rendered":"Balance \u00dcbungen"},"content":{"rendered":"\n<p>Wenn ein Pferd seine Propriozeption vernachl\u00e4ssigt und Defizite bei der Wahrnehmung seines K\u00f6rpers f\u00fcr kleine Bewegungen oder beim Halten des Gleichgewichts hat, k\u00f6nnen \u00dcbungen auf Balanceplatten unglaublich gut helfen.<\/p>\n\n\n\n<p>Wie mein Yogalehrer aus den Vereinigten Staaten sagte: &#8221;Auch in der Stille ist Bewegung&#8221;, kann man deutlich sehen, dass die Muskeln des Pferdes (vor allem die, die im Alltag normalerweise nicht viel benutzt werden) viel arbeiten, wenn Pferde &#8221;still&#8221; auf Balancepads stehen.<\/p>\n\n\n\n<p>Es braucht nicht viel oder lange, um den K\u00f6rper und den Gleichgewichtssinn des Pferdes zu wecken.<\/p>\n\n\n\n<p>Wenn Sie daran interessiert sind, Balancepads oder -platten f\u00fcr Ihr Pferd auszuprobieren, kontaktieren Sie mich bitte.<\/p>\n\n\n\n<p>Hier sehen Sie verschiedene M\u00f6glichkeiten, wenn ein Pferd auf Balanceplatten steht:<\/p>\n\n\n\n<figure class=\"wp-block-gallery has-nested-images columns-default is-cropped wp-block-gallery-1 is-layout-flex wp-block-gallery-is-layout-flex\">\n<figure class=\"wp-block-image size-large\"><img loading=\"lazy\" decoding=\"async\" width=\"1024\" height=\"1024\" data-id=\"745\" src=\"https:\/\/handsforhorses.se\/wp-content\/uploads\/2024\/01\/177324835_4230482873642877_9128640708853264084_n-3-1024x1024.jpg\" alt=\"\" class=\"wp-image-745\" srcset=\"https:\/\/handsforhorses.se\/wp-content\/uploads\/2024\/01\/177324835_4230482873642877_9128640708853264084_n-3-1024x1024.jpg 1024w, https:\/\/handsforhorses.se\/wp-content\/uploads\/2024\/01\/177324835_4230482873642877_9128640708853264084_n-3-300x300.jpg 300w, https:\/\/handsforhorses.se\/wp-content\/uploads\/2024\/01\/177324835_4230482873642877_9128640708853264084_n-3-150x150.jpg 150w, https:\/\/handsforhorses.se\/wp-content\/uploads\/2024\/01\/177324835_4230482873642877_9128640708853264084_n-3-768x768.jpg 768w, https:\/\/handsforhorses.se\/wp-content\/uploads\/2024\/01\/177324835_4230482873642877_9128640708853264084_n-3.jpg 1440w\" sizes=\"auto, (max-width: 1024px) 100vw, 1024px\" \/><\/figure>\n\n\n\n<figure class=\"wp-block-image size-large\"><img loading=\"lazy\" decoding=\"async\" width=\"1024\" height=\"1024\" data-id=\"746\" src=\"https:\/\/handsforhorses.se\/wp-content\/uploads\/2024\/01\/177614207_4230482870309544_843027364289247953_n-3-1024x1024.jpg\" alt=\"\" class=\"wp-image-746\" srcset=\"https:\/\/handsforhorses.se\/wp-content\/uploads\/2024\/01\/177614207_4230482870309544_843027364289247953_n-3-1024x1024.jpg 1024w, https:\/\/handsforhorses.se\/wp-content\/uploads\/2024\/01\/177614207_4230482870309544_843027364289247953_n-3-300x300.jpg 300w, https:\/\/handsforhorses.se\/wp-content\/uploads\/2024\/01\/177614207_4230482870309544_843027364289247953_n-3-150x150.jpg 150w, https:\/\/handsforhorses.se\/wp-content\/uploads\/2024\/01\/177614207_4230482870309544_843027364289247953_n-3-768x768.jpg 768w, https:\/\/handsforhorses.se\/wp-content\/uploads\/2024\/01\/177614207_4230482870309544_843027364289247953_n-3.jpg 1440w\" sizes=\"auto, (max-width: 1024px) 100vw, 1024px\" \/><\/figure>\n\n\n\n<figure class=\"wp-block-image size-large\"><img loading=\"lazy\" decoding=\"async\" width=\"819\" height=\"1024\" data-id=\"747\" src=\"https:\/\/handsforhorses.se\/wp-content\/uploads\/2024\/01\/186486331_4297751436916020_818096348229867905_n-3-819x1024.jpg\" alt=\"\" class=\"wp-image-747\" srcset=\"https:\/\/handsforhorses.se\/wp-content\/uploads\/2024\/01\/186486331_4297751436916020_818096348229867905_n-3-819x1024.jpg 819w, https:\/\/handsforhorses.se\/wp-content\/uploads\/2024\/01\/186486331_4297751436916020_818096348229867905_n-3-240x300.jpg 240w, https:\/\/handsforhorses.se\/wp-content\/uploads\/2024\/01\/186486331_4297751436916020_818096348229867905_n-3-768x960.jpg 768w, https:\/\/handsforhorses.se\/wp-content\/uploads\/2024\/01\/186486331_4297751436916020_818096348229867905_n-3-1229x1536.jpg 1229w, https:\/\/handsforhorses.se\/wp-content\/uploads\/2024\/01\/186486331_4297751436916020_818096348229867905_n-3.jpg 1440w\" sizes=\"auto, (max-width: 819px) 100vw, 819px\" \/><\/figure>\n<\/figure>\n\n\n\n<p><em>&#8221;Even in stillness there is movement&#8221; (M. Melander)<\/em><\/p>\n","protected":false},"excerpt":{"rendered":"<p>Wenn ein Pferd seine Propriozeption vernachl\u00e4ssigt und Defizite bei der Wahrnehmung seines K\u00f6rpers f\u00fcr kleine Bewegungen oder beim Halten des Gleichgewichts hat, k\u00f6nnen \u00dcbungen auf Balanceplatten unglaublich gut helfen. Wie mein Yogalehrer aus den Vereinigten Staaten sagte: &#8221;Auch in der Stille ist Bewegung&#8221;, kann man deutlich sehen, dass die Muskeln des Pferdes (vor allem die,&hellip; <a class=\"more-link\" href=\"https:\/\/handsforhorses.se\/?page_id=744&#038;lang=de\">L\u00e4s mer <span class=\"screen-reader-text\">Balance \u00dcbungen<\/span><\/a><\/p>\n","protected":false},"author":2,"featured_media":0,"parent":0,"menu_order":0,"comment_status":"closed","ping_status":"closed","template":"","meta":{"footnotes":""},"class_list":["post-744","page","type-page","status-publish","hentry"],"_links":{"self":[{"href":"https:\/\/handsforhorses.se\/index.php?rest_route=\/wp\/v2\/pages\/744","targetHints":{"allow":["GET"]}}],"collection":[{"href":"https:\/\/handsforhorses.se\/index.php?rest_route=\/wp\/v2\/pages"}],"about":[{"href":"https:\/\/handsforhorses.se\/index.php?rest_route=\/wp\/v2\/types\/page"}],"author":[{"embeddable":true,"href":"https:\/\/handsforhorses.se\/index.php?rest_route=\/wp\/v2\/users\/2"}],"replies":[{"embeddable":true,"href":"https:\/\/handsforhorses.se\/index.php?rest_route=%2Fwp%2Fv2%2Fcomments&post=744"}],"version-history":[{"count":2,"href":"https:\/\/handsforhorses.se\/index.php?rest_route=\/wp\/v2\/pages\/744\/revisions"}],"predecessor-version":[{"id":843,"href":"https:\/\/handsforhorses.se\/index.php?rest_route=\/wp\/v2\/pages\/744\/revisions\/843"}],"wp:attachment":[{"href":"https:\/\/handsforhorses.se\/index.php?rest_route=%2Fwp%2Fv2%2Fmedia&parent=744"}],"curies":[{"name":"wp","href":"https:\/\/api.w.org\/{rel}","templated":true}]}}