{"id":733,"date":"2024-01-09T20:12:20","date_gmt":"2024-01-09T20:12:20","guid":{"rendered":"https:\/\/handsforhorses.se\/?page_id=733"},"modified":"2024-01-09T20:12:22","modified_gmt":"2024-01-09T20:12:22","slug":"balansplattor","status":"publish","type":"page","link":"https:\/\/handsforhorses.se\/?page_id=733","title":{"rendered":"Balansplattor"},"content":{"rendered":"\n<p>N\u00e4r en h\u00e4st tappar sin proprioception och har brister att k\u00e4nna av sin kropp f\u00f6r sm\u00e5 r\u00f6relse eller h\u00e5ller sin balans, kan \u00f6vningar p\u00e5 balansplattor hj\u00e4lpa otroligt bra.<\/p>\n\n\n\n<p>Som min yoga l\u00e4rare fr\u00e5n USA n\u00e5gon sa: &#8221;Even in stillness there is movement&#8221;, s\u00e5 kan man tydligt se att h\u00e4stens muskulatur (s\u00e4rskilt den som vanligtvis inte anv\u00e4nds mycket under vardagen) jobbar mycket n\u00e4r h\u00e4star st\u00e5r &#8221;stilla&#8221; p\u00e5 balanskuddar.<\/p>\n\n\n\n<p>Det beh\u00f6vs inte mycket och inte l\u00e5ngt tid f\u00f6r att v\u00e4cka h\u00e4stens kropp och balanssinne.<\/p>\n\n\n\n<p>\u00c4r du intresserat att prova p\u00e5 balanskuddar- eller plattor f\u00f6r din h\u00e4st, h\u00f6r g\u00e4rna av dig till mig.<\/p>\n\n\n\n<p>H\u00e4r ser du olika m\u00f6jligheter n\u00e4r en h\u00e4st st\u00e5r p\u00e5 balansplattor:<\/p>\n\n\n\n<figure class=\"wp-block-gallery has-nested-images columns-default is-cropped wp-block-gallery-1 is-layout-flex wp-block-gallery-is-layout-flex\">\n<figure class=\"wp-block-image size-large\"><img loading=\"lazy\" decoding=\"async\" width=\"1024\" height=\"1024\" data-id=\"736\" src=\"https:\/\/handsforhorses.se\/wp-content\/uploads\/2024\/01\/177614207_4230482870309544_843027364289247953_n-1-1024x1024.jpg\" alt=\"\" class=\"wp-image-736\" srcset=\"https:\/\/handsforhorses.se\/wp-content\/uploads\/2024\/01\/177614207_4230482870309544_843027364289247953_n-1-1024x1024.jpg 1024w, https:\/\/handsforhorses.se\/wp-content\/uploads\/2024\/01\/177614207_4230482870309544_843027364289247953_n-1-300x300.jpg 300w, https:\/\/handsforhorses.se\/wp-content\/uploads\/2024\/01\/177614207_4230482870309544_843027364289247953_n-1-150x150.jpg 150w, https:\/\/handsforhorses.se\/wp-content\/uploads\/2024\/01\/177614207_4230482870309544_843027364289247953_n-1-768x768.jpg 768w, https:\/\/handsforhorses.se\/wp-content\/uploads\/2024\/01\/177614207_4230482870309544_843027364289247953_n-1.jpg 1440w\" sizes=\"auto, (max-width: 1024px) 100vw, 1024px\" \/><\/figure>\n\n\n\n<figure class=\"wp-block-image size-large\"><img loading=\"lazy\" decoding=\"async\" width=\"1024\" height=\"1024\" data-id=\"735\" src=\"https:\/\/handsforhorses.se\/wp-content\/uploads\/2024\/01\/177324835_4230482873642877_9128640708853264084_n-1-1024x1024.jpg\" alt=\"\" class=\"wp-image-735\" srcset=\"https:\/\/handsforhorses.se\/wp-content\/uploads\/2024\/01\/177324835_4230482873642877_9128640708853264084_n-1-1024x1024.jpg 1024w, https:\/\/handsforhorses.se\/wp-content\/uploads\/2024\/01\/177324835_4230482873642877_9128640708853264084_n-1-300x300.jpg 300w, https:\/\/handsforhorses.se\/wp-content\/uploads\/2024\/01\/177324835_4230482873642877_9128640708853264084_n-1-150x150.jpg 150w, https:\/\/handsforhorses.se\/wp-content\/uploads\/2024\/01\/177324835_4230482873642877_9128640708853264084_n-1-768x768.jpg 768w, https:\/\/handsforhorses.se\/wp-content\/uploads\/2024\/01\/177324835_4230482873642877_9128640708853264084_n-1.jpg 1440w\" sizes=\"auto, (max-width: 1024px) 100vw, 1024px\" \/><\/figure>\n\n\n\n<figure class=\"wp-block-image size-large\"><img loading=\"lazy\" decoding=\"async\" width=\"819\" height=\"1024\" data-id=\"734\" src=\"https:\/\/handsforhorses.se\/wp-content\/uploads\/2024\/01\/186486331_4297751436916020_818096348229867905_n-1-819x1024.jpg\" alt=\"\" class=\"wp-image-734\" srcset=\"https:\/\/handsforhorses.se\/wp-content\/uploads\/2024\/01\/186486331_4297751436916020_818096348229867905_n-1-819x1024.jpg 819w, https:\/\/handsforhorses.se\/wp-content\/uploads\/2024\/01\/186486331_4297751436916020_818096348229867905_n-1-240x300.jpg 240w, https:\/\/handsforhorses.se\/wp-content\/uploads\/2024\/01\/186486331_4297751436916020_818096348229867905_n-1-768x960.jpg 768w, https:\/\/handsforhorses.se\/wp-content\/uploads\/2024\/01\/186486331_4297751436916020_818096348229867905_n-1-1229x1536.jpg 1229w, https:\/\/handsforhorses.se\/wp-content\/uploads\/2024\/01\/186486331_4297751436916020_818096348229867905_n-1.jpg 1440w\" sizes=\"auto, (max-width: 819px) 100vw, 819px\" \/><\/figure>\n<\/figure>\n\n\n\n<p><em>&#8221;Even in stillness there is movement&#8221; (M. Melander)<\/em><\/p>\n","protected":false},"excerpt":{"rendered":"<p>N\u00e4r en h\u00e4st tappar sin proprioception och har brister att k\u00e4nna av sin kropp f\u00f6r sm\u00e5 r\u00f6relse eller h\u00e5ller sin balans, kan \u00f6vningar p\u00e5 balansplattor hj\u00e4lpa otroligt bra. Som min yoga l\u00e4rare fr\u00e5n USA n\u00e5gon sa: &#8221;Even in stillness there is movement&#8221;, s\u00e5 kan man tydligt se att h\u00e4stens muskulatur (s\u00e4rskilt den som vanligtvis inte&hellip; <a class=\"more-link\" href=\"https:\/\/handsforhorses.se\/?page_id=733\">L\u00e4s mer <span class=\"screen-reader-text\">Balansplattor<\/span><\/a><\/p>\n","protected":false},"author":2,"featured_media":0,"parent":0,"menu_order":0,"comment_status":"closed","ping_status":"closed","template":"","meta":{"footnotes":""},"class_list":["post-733","page","type-page","status-publish","hentry"],"_links":{"self":[{"href":"https:\/\/handsforhorses.se\/index.php?rest_route=\/wp\/v2\/pages\/733","targetHints":{"allow":["GET"]}}],"collection":[{"href":"https:\/\/handsforhorses.se\/index.php?rest_route=\/wp\/v2\/pages"}],"about":[{"href":"https:\/\/handsforhorses.se\/index.php?rest_route=\/wp\/v2\/types\/page"}],"author":[{"embeddable":true,"href":"https:\/\/handsforhorses.se\/index.php?rest_route=\/wp\/v2\/users\/2"}],"replies":[{"embeddable":true,"href":"https:\/\/handsforhorses.se\/index.php?rest_route=%2Fwp%2Fv2%2Fcomments&post=733"}],"version-history":[{"count":1,"href":"https:\/\/handsforhorses.se\/index.php?rest_route=\/wp\/v2\/pages\/733\/revisions"}],"predecessor-version":[{"id":737,"href":"https:\/\/handsforhorses.se\/index.php?rest_route=\/wp\/v2\/pages\/733\/revisions\/737"}],"wp:attachment":[{"href":"https:\/\/handsforhorses.se\/index.php?rest_route=%2Fwp%2Fv2%2Fmedia&parent=733"}],"curies":[{"name":"wp","href":"https:\/\/api.w.org\/{rel}","templated":true}]}}