{"id":73,"date":"2018-09-19T09:33:04","date_gmt":"2018-09-19T09:33:04","guid":{"rendered":"https:\/\/handsforhorses.se\/?page_id=73"},"modified":"2024-01-07T17:56:49","modified_gmt":"2024-01-07T17:56:49","slug":"dienstleistungen-preise","status":"publish","type":"page","link":"https:\/\/handsforhorses.se\/?page_id=73&lang=de","title":{"rendered":"Dienstleistungen &#038; Preise"},"content":{"rendered":"<p class=\"tw-data-text tw-ta tw-text-small\" dir=\"ltr\" data-placeholder=\"\u00d6vers\u00e4ttning\"><strong>Mein Service umfasst folgende Dienstleistungen:<\/strong><\/p>\n<p class=\"tw-data-text tw-ta tw-text-small\" dir=\"ltr\" data-placeholder=\"\u00d6vers\u00e4ttning\">&#8211; (Spezial)-Massage f\u00fcr Pferde w\u00e4hrend der Rehab-Phase (auch begleitend zu Behandlungen in Absprache mit dem Tierarzt)<br \/>\n&#8211; Strain-Counterstrain-Behandlungen am Pferd<br \/>\n&#8211; Rehab-Behandlungen und Training bei R\u00fcckenproblemen des Pferdes<br \/>\n&#8211; Equine Fascia Trauma Release Therapy (EFTR<sup>\u00ae<\/sup>)<br \/>\n&#8211; Stresspunkt Massage nach Jack Meagher<br \/>\n&#8211; Myofasziale Behandlungen<br \/>\n&#8211; Lymphdr\u00e4nage Massage<br \/>\n&#8211; Kinesiologie Taping<\/p>\n<p><strong>Inbegriffen sind auch folgende Dienstleisungen:<\/strong><br \/>\n&#8211; Anamnese des Pferdes<br \/>\n&#8211; Bewegungsauswertung und<br \/>\n&#8211; Trainingsplanerstellung<\/p>\n<p><strong>75 EUR pro Behandlung<\/strong><\/p>\n<p><img loading=\"lazy\" decoding=\"async\" class=\"alignnone  wp-image-207\" src=\"https:\/\/handsforhorses.se\/wp-content\/uploads\/2020\/02\/image008.jpg\" alt=\"\" width=\"370\" height=\"355\" \/><\/p>\n<p>Bei Interesse halte ich auch Vortr\u00e4ge und gebe Kurse f\u00fcr &#8221;Pferdemassage f\u00fcr den Hausgebrauch&#8221;, kontaktieren Sie mich einfach, dann kann ich Ihnen ein passendes Angebot machen.<\/p>\n","protected":false},"excerpt":{"rendered":"<p>Mein Service umfasst folgende Dienstleistungen: &#8211; (Spezial)-Massage f\u00fcr Pferde w\u00e4hrend der Rehab-Phase (auch begleitend zu Behandlungen in Absprache mit dem Tierarzt) &#8211; Strain-Counterstrain-Behandlungen am Pferd &#8211; Rehab-Behandlungen und Training bei R\u00fcckenproblemen des Pferdes &#8211; Equine Fascia Trauma Release Therapy (EFTR\u00ae) &#8211; Stresspunkt Massage nach Jack Meagher &#8211; Myofasziale Behandlungen &#8211; Lymphdr\u00e4nage Massage &#8211; Kinesiologie Taping&hellip; <a class=\"more-link\" href=\"https:\/\/handsforhorses.se\/?page_id=73&#038;lang=de\">L\u00e4s mer <span class=\"screen-reader-text\">Dienstleistungen &#038; Preise<\/span><\/a><\/p>\n","protected":false},"author":1,"featured_media":0,"parent":0,"menu_order":0,"comment_status":"closed","ping_status":"closed","template":"","meta":{"footnotes":""},"class_list":["post-73","page","type-page","status-publish","hentry"],"_links":{"self":[{"href":"https:\/\/handsforhorses.se\/index.php?rest_route=\/wp\/v2\/pages\/73","targetHints":{"allow":["GET"]}}],"collection":[{"href":"https:\/\/handsforhorses.se\/index.php?rest_route=\/wp\/v2\/pages"}],"about":[{"href":"https:\/\/handsforhorses.se\/index.php?rest_route=\/wp\/v2\/types\/page"}],"author":[{"embeddable":true,"href":"https:\/\/handsforhorses.se\/index.php?rest_route=\/wp\/v2\/users\/1"}],"replies":[{"embeddable":true,"href":"https:\/\/handsforhorses.se\/index.php?rest_route=%2Fwp%2Fv2%2Fcomments&post=73"}],"version-history":[{"count":7,"href":"https:\/\/handsforhorses.se\/index.php?rest_route=\/wp\/v2\/pages\/73\/revisions"}],"predecessor-version":[{"id":570,"href":"https:\/\/handsforhorses.se\/index.php?rest_route=\/wp\/v2\/pages\/73\/revisions\/570"}],"wp:attachment":[{"href":"https:\/\/handsforhorses.se\/index.php?rest_route=%2Fwp%2Fv2%2Fmedia&parent=73"}],"curies":[{"name":"wp","href":"https:\/\/api.w.org\/{rel}","templated":true}]}}