{"id":69,"date":"2018-09-19T09:31:17","date_gmt":"2018-09-19T09:31:17","guid":{"rendered":"https:\/\/handsforhorses.se\/?page_id=69"},"modified":"2026-01-17T13:45:17","modified_gmt":"2026-01-17T13:45:17","slug":"tjanster-priser","status":"publish","type":"page","link":"https:\/\/handsforhorses.se\/?page_id=69","title":{"rendered":"Tj\u00e4nster &#038; priser"},"content":{"rendered":"<h2><strong>Massagebehandlingar samt Fascia Release Treatment\u00a0<\/strong><\/h2>\n<p>&#8211; Friskv\u00e5rds- och rehabliteringsmassage<br \/>\n&#8211; Fascia Behandling (djupv\u00e5gsbehandling)<br \/>\n&#8211; Equine Fascia Trauma Release Therapy (EFTR<sup>\u00ae<\/sup>)<br \/>\n&#8211; Strain-counterstrain behandling<br \/>\n&#8211; Rehabiliteringsbehandling av leder<br \/>\n&#8211; Rehabilteringsbehandling av h\u00e4star med ryggproblem<br \/>\n&#8211; Myofasciala Behandlingar (Fasciq<sup>\u00ae<\/sup>)<br \/>\n&#8211; Lymphmassage<br \/>\n&#8211; Kinesiologi Tejpning<br \/>\n&#8211; Stresspunkt massage efter Jack Meagher<\/p>\n<p><strong>I behandling ing\u00e5r<br \/>\n<\/strong>&#8211; H\u00e4stens anamnes<br \/>\n&#8211; R\u00f6relseanalys<br \/>\n&#8211; Tr\u00e4ningsuppl\u00e4gg (uppbyggande tr\u00e4ning f\u00f6r h\u00e4sten)<\/p>\n<p><strong>700 sek. inkl. moms.<\/strong><\/p>\n<p><strong>OBS: F\u00f6rsta behandling: 1000 sek inkl. moms.<br \/>\n<\/strong>Om du bokar en behandling inom tre veckor efter mitt f\u00f6rsta bes\u00f6k, betalar du endast 400 sek inkl. moms s\u00e5 att du hamnar p\u00e5 samma prisniv\u00e5 som mina andra kunder.<\/p>\n<p><strong>Varf\u00f6r denna priss\u00e4ttning?<\/strong><\/p>\n<p>Jag vill att din h\u00e4st utvecklas och att min behandling ger den b\u00e4sta effekt och resultat. Tyv\u00e4rr kan vi terapeuter inte l\u00f6sa alla problem vid v\u00e5r f\u00f6rsta f\u00f6rs\u00f6k. D\u00e4rf\u00f6r \u00e4r det viktigt att ha ett visst kontinuitet s\u00e5 att vi verkligen ser f\u00f6rb\u00e4ttring och framf\u00f6rallt att kunna uppr\u00e4tth\u00e5lla h\u00e4sten i sin b\u00e4sta form.<\/p>\n<p><strong>Milers\u00e4ttning<\/strong><br \/>\n10 km: 20 SEK inkl. moms<br \/>\nVid flera bokningar i ett stall kan \u00e4garna dela p\u00e5 reskostnader.<\/p>\n<p>Mitt f\u00f6retag har F-skattsedel.<br \/>\nJag \u00e4r ansvarsf\u00f6rs\u00e4krad genom NHMF (Nordiska H\u00e4stmass\u00f6rers F\u00f6rbund).<br \/>\nDessutom h\u00e5ller jag f\u00f6rel\u00e4sningar f\u00f6r f\u00f6rbundets internt vidareutbildningar om forskning och utveckling inom fascia tex.<\/p>\n<p><strong>F\u00f6redrag \/ Clinics\u00a0<\/strong><br \/>\nJag kommer g\u00e4rna ut till ditt stall och ber\u00e4ttar om h\u00e4stanatomi och genomf\u00f6r en demonstration av en h\u00e4stmassage.<br \/>\nDessutom erbjuder jag kurser \u201dH\u00e4stmassage f\u00f6r husbruk\u201d.<br \/>\nKontakta mig s\u00e5 skr\u00e4ddarsydda vi ett passande uppl\u00e4gg.<\/p>\n<p>.<strong><img loading=\"lazy\" decoding=\"async\" class=\" wp-image-289 alignnone\" src=\"https:\/\/handsforhorses.se\/wp-content\/uploads\/2020\/03\/image008.jpg\" alt=\"\" width=\"371\" height=\"357\" \/><\/strong><\/p>\n","protected":false},"excerpt":{"rendered":"<p>Massagebehandlingar samt Fascia Release Treatment\u00a0 &#8211; Friskv\u00e5rds- och rehabliteringsmassage &#8211; Fascia Behandling (djupv\u00e5gsbehandling) &#8211; Equine Fascia Trauma Release Therapy (EFTR\u00ae) &#8211; Strain-counterstrain behandling &#8211; Rehabiliteringsbehandling av leder &#8211; Rehabilteringsbehandling av h\u00e4star med ryggproblem &#8211; Myofasciala Behandlingar (Fasciq\u00ae) &#8211; Lymphmassage &#8211; Kinesiologi Tejpning &#8211; Stresspunkt massage efter Jack Meagher I behandling ing\u00e5r &#8211; H\u00e4stens anamnes &#8211;&hellip; <a class=\"more-link\" href=\"https:\/\/handsforhorses.se\/?page_id=69\">L\u00e4s mer <span class=\"screen-reader-text\">Tj\u00e4nster &#038; priser<\/span><\/a><\/p>\n","protected":false},"author":1,"featured_media":0,"parent":0,"menu_order":0,"comment_status":"closed","ping_status":"closed","template":"","meta":{"footnotes":""},"class_list":["post-69","page","type-page","status-publish","hentry"],"_links":{"self":[{"href":"https:\/\/handsforhorses.se\/index.php?rest_route=\/wp\/v2\/pages\/69","targetHints":{"allow":["GET"]}}],"collection":[{"href":"https:\/\/handsforhorses.se\/index.php?rest_route=\/wp\/v2\/pages"}],"about":[{"href":"https:\/\/handsforhorses.se\/index.php?rest_route=\/wp\/v2\/types\/page"}],"author":[{"embeddable":true,"href":"https:\/\/handsforhorses.se\/index.php?rest_route=\/wp\/v2\/users\/1"}],"replies":[{"embeddable":true,"href":"https:\/\/handsforhorses.se\/index.php?rest_route=%2Fwp%2Fv2%2Fcomments&post=69"}],"version-history":[{"count":13,"href":"https:\/\/handsforhorses.se\/index.php?rest_route=\/wp\/v2\/pages\/69\/revisions"}],"predecessor-version":[{"id":1013,"href":"https:\/\/handsforhorses.se\/index.php?rest_route=\/wp\/v2\/pages\/69\/revisions\/1013"}],"wp:attachment":[{"href":"https:\/\/handsforhorses.se\/index.php?rest_route=%2Fwp%2Fv2%2Fmedia&parent=69"}],"curies":[{"name":"wp","href":"https:\/\/api.w.org\/{rel}","templated":true}]}}