{"id":653,"date":"2024-01-09T20:03:20","date_gmt":"2024-01-09T20:03:20","guid":{"rendered":"https:\/\/handsforhorses.se\/?page_id=653"},"modified":"2025-08-08T18:25:11","modified_gmt":"2025-08-08T18:25:11","slug":"faszienbehandlung","status":"publish","type":"page","link":"https:\/\/handsforhorses.se\/?page_id=653&lang=de","title":{"rendered":"Faszienbehandlung"},"content":{"rendered":"\n<p>Der bekannte Fazcien Forscher Luigi Stecco schrieb: &#8221;Fascia is the only tissue that modifies its consistency when under stress (plasticity) and which is capable of regaining its elasticity when subjected to manipulation (malleability)\u201d (2004)<\/p>\n\n\n\n<p>Faszien sind ein ununterbrochenes viskoelastisches Gewebe, das eine 3-dimensionale Matrix bildet. Es umh\u00fcllt alle Strukturen des K\u00f6rpers wie Muskeln, Organe, Sehnen und sogar Knochen. Die Diskussionen \u00fcber die Begriffsbestimmung von Faszien sind noch nicht abgeschlossen, was die Definition der Nomenklatur betrifft. Meiner Meinung nach kann man die Faszien als ein Organ betrachten, da sie je nach ihrer Lokalisierung unterschiedliche Funktionen erf\u00fcllen. Die Faszien, die sich um die Muskeln legen, haben zum Beispiel andere Funktionen als die Faszien um die Nieren. Auch wenn sie ununterbrochen ist, macht die Benennung der Myofaszien nach den Muskeln, die sie umgeben, Sinn, da wir genau definieren m\u00fcssen, was wir untersuchen und worauf wir unser Augenmerk legen.<\/p>\n\n\n\n<p>Um das myofasziale System zu behandeln (wir k\u00f6nnen nie nur Muskeln oder Faszien behandeln, wir behandeln sie immer zusammen), habe ich verschiedene Werkzeuge und Methoden. Mit Hilfe einer von Liza Kimble entwickelten Methode, der Equine Fascia and Trauma Release Therapy (EFTR<sup>\u00ae<\/sup>), kann ich sogar mentale Verspannungen beim Pferd l\u00f6sen.<\/p>\n\n\n\n<p>Dazu m\u00fcssen wir verstehen, dass jeder Stress und jedes Trauma in unserem K\u00f6rper &#8221;gespeichert&#8221; ist. Bei Pferden kann ein Stress oder ein Trauma bedeuten, dass sie in einen anderen Stall umziehen, dass sie einen anderen Besitzer bekommen, dass sie einen Freund in der Herde durch Tod verlieren oder dass der Freund umzieht.<\/p>\n\n\n\n<p>Wenn ich st\u00e4rkere Muskelverspannungen beobachte und sp\u00fcre, wende ich mit einem tragbaren Ger\u00e4t (z. B. Atlasbalans) Vibrationsmuster an.<\/p>\n\n\n\n<p>Ich verwende auch ein manuelles myofasziales Werkzeug von Fasciq<sup>\u00ae<\/sup>.<\/p>\n\n\n\n<figure class=\"wp-block-image size-large is-resized\"><img loading=\"lazy\" decoding=\"async\" width=\"701\" height=\"1024\" src=\"https:\/\/handsforhorses.se\/wp-content\/uploads\/2025\/08\/IY4J3487-copy-2-701x1024.jpg\" alt=\"\" class=\"wp-image-886\" style=\"width:485px;height:auto\" srcset=\"https:\/\/handsforhorses.se\/wp-content\/uploads\/2025\/08\/IY4J3487-copy-2-701x1024.jpg 701w, https:\/\/handsforhorses.se\/wp-content\/uploads\/2025\/08\/IY4J3487-copy-2-205x300.jpg 205w, https:\/\/handsforhorses.se\/wp-content\/uploads\/2025\/08\/IY4J3487-copy-2-768x1122.jpg 768w, https:\/\/handsforhorses.se\/wp-content\/uploads\/2025\/08\/IY4J3487-copy-2-1051x1536.jpg 1051w, https:\/\/handsforhorses.se\/wp-content\/uploads\/2025\/08\/IY4J3487-copy-2-1402x2048.jpg 1402w, https:\/\/handsforhorses.se\/wp-content\/uploads\/2025\/08\/IY4J3487-copy-2.jpg 1443w\" sizes=\"auto, (max-width: 701px) 100vw, 701px\" \/><figcaption class=\"wp-element-caption\">Foto: Rebecka Jensen<\/figcaption><\/figure>\n\n\n\n<figure class=\"wp-block-image size-large is-resized\"><img loading=\"lazy\" decoding=\"async\" width=\"957\" height=\"1024\" src=\"https:\/\/handsforhorses.se\/wp-content\/uploads\/2024\/01\/413921783_978243713689952_7719760843952804401_n-2-957x1024.jpg\" alt=\"\" class=\"wp-image-671\" style=\"width:487px;height:auto\" srcset=\"https:\/\/handsforhorses.se\/wp-content\/uploads\/2024\/01\/413921783_978243713689952_7719760843952804401_n-2-957x1024.jpg 957w, https:\/\/handsforhorses.se\/wp-content\/uploads\/2024\/01\/413921783_978243713689952_7719760843952804401_n-2-280x300.jpg 280w, https:\/\/handsforhorses.se\/wp-content\/uploads\/2024\/01\/413921783_978243713689952_7719760843952804401_n-2-768x822.jpg 768w, https:\/\/handsforhorses.se\/wp-content\/uploads\/2024\/01\/413921783_978243713689952_7719760843952804401_n-2-1436x1536.jpg 1436w, https:\/\/handsforhorses.se\/wp-content\/uploads\/2024\/01\/413921783_978243713689952_7719760843952804401_n-2.jpg 1914w\" sizes=\"auto, (max-width: 957px) 100vw, 957px\" \/><\/figure>\n\n\n\n<figure class=\"wp-block-image size-large\"><img loading=\"lazy\" decoding=\"async\" width=\"683\" height=\"1024\" src=\"https:\/\/handsforhorses.se\/wp-content\/uploads\/2025\/08\/IY4J3510-2-683x1024.jpg\" alt=\"\" class=\"wp-image-893\" srcset=\"https:\/\/handsforhorses.se\/wp-content\/uploads\/2025\/08\/IY4J3510-2-683x1024.jpg 683w, https:\/\/handsforhorses.se\/wp-content\/uploads\/2025\/08\/IY4J3510-2-200x300.jpg 200w, https:\/\/handsforhorses.se\/wp-content\/uploads\/2025\/08\/IY4J3510-2-768x1152.jpg 768w, https:\/\/handsforhorses.se\/wp-content\/uploads\/2025\/08\/IY4J3510-2-1024x1536.jpg 1024w, https:\/\/handsforhorses.se\/wp-content\/uploads\/2025\/08\/IY4J3510-2-1365x2048.jpg 1365w, https:\/\/handsforhorses.se\/wp-content\/uploads\/2025\/08\/IY4J3510-2-scaled.jpg 1707w\" sizes=\"auto, (max-width: 683px) 100vw, 683px\" \/><figcaption class=\"wp-element-caption\">Foto: Rebecka Jensen<\/figcaption><\/figure>\n\n\n\n<figure class=\"wp-block-image size-full\"><img loading=\"lazy\" decoding=\"async\" width=\"2048\" height=\"1365\" src=\"https:\/\/handsforhorses.se\/wp-content\/uploads\/2024\/01\/386637432_3202814270024057_949279562938554249_n.jpg\" alt=\"\" class=\"wp-image-851\" srcset=\"https:\/\/handsforhorses.se\/wp-content\/uploads\/2024\/01\/386637432_3202814270024057_949279562938554249_n.jpg 2048w, https:\/\/handsforhorses.se\/wp-content\/uploads\/2024\/01\/386637432_3202814270024057_949279562938554249_n-300x200.jpg 300w, https:\/\/handsforhorses.se\/wp-content\/uploads\/2024\/01\/386637432_3202814270024057_949279562938554249_n-1024x683.jpg 1024w, https:\/\/handsforhorses.se\/wp-content\/uploads\/2024\/01\/386637432_3202814270024057_949279562938554249_n-768x512.jpg 768w, https:\/\/handsforhorses.se\/wp-content\/uploads\/2024\/01\/386637432_3202814270024057_949279562938554249_n-1536x1024.jpg 1536w, https:\/\/handsforhorses.se\/wp-content\/uploads\/2024\/01\/386637432_3202814270024057_949279562938554249_n-480x320.jpg 480w, https:\/\/handsforhorses.se\/wp-content\/uploads\/2024\/01\/386637432_3202814270024057_949279562938554249_n-450x300.jpg 450w\" sizes=\"auto, (max-width: 2048px) 100vw, 2048px\" \/><figcaption class=\"wp-element-caption\">Foto: Rebecka Jensen<\/figcaption><\/figure>\n\n\n\n<p><\/p>\n\n\n\n<p>Zur\u00fcck zu <a href=\"https:\/\/handsforhorses.se\/?page_id=606&amp;lang=de\">Meinen angewandten Methoden<\/a><\/p>\n\n\n\n<p><\/p>\n","protected":false},"excerpt":{"rendered":"<p>Der bekannte Fazcien Forscher Luigi Stecco schrieb: &#8221;Fascia is the only tissue that modifies its consistency when under stress (plasticity) and which is capable of regaining its elasticity when subjected to manipulation (malleability)\u201d (2004) Faszien sind ein ununterbrochenes viskoelastisches Gewebe, das eine 3-dimensionale Matrix bildet. Es umh\u00fcllt alle Strukturen des K\u00f6rpers wie Muskeln, Organe, Sehnen&hellip; <a class=\"more-link\" href=\"https:\/\/handsforhorses.se\/?page_id=653&#038;lang=de\">L\u00e4s mer <span class=\"screen-reader-text\">Faszienbehandlung<\/span><\/a><\/p>\n","protected":false},"author":2,"featured_media":0,"parent":0,"menu_order":0,"comment_status":"closed","ping_status":"closed","template":"","meta":{"footnotes":""},"class_list":["post-653","page","type-page","status-publish","hentry"],"_links":{"self":[{"href":"https:\/\/handsforhorses.se\/index.php?rest_route=\/wp\/v2\/pages\/653","targetHints":{"allow":["GET"]}}],"collection":[{"href":"https:\/\/handsforhorses.se\/index.php?rest_route=\/wp\/v2\/pages"}],"about":[{"href":"https:\/\/handsforhorses.se\/index.php?rest_route=\/wp\/v2\/types\/page"}],"author":[{"embeddable":true,"href":"https:\/\/handsforhorses.se\/index.php?rest_route=\/wp\/v2\/users\/2"}],"replies":[{"embeddable":true,"href":"https:\/\/handsforhorses.se\/index.php?rest_route=%2Fwp%2Fv2%2Fcomments&post=653"}],"version-history":[{"count":8,"href":"https:\/\/handsforhorses.se\/index.php?rest_route=\/wp\/v2\/pages\/653\/revisions"}],"predecessor-version":[{"id":897,"href":"https:\/\/handsforhorses.se\/index.php?rest_route=\/wp\/v2\/pages\/653\/revisions\/897"}],"wp:attachment":[{"href":"https:\/\/handsforhorses.se\/index.php?rest_route=%2Fwp%2Fv2%2Fmedia&parent=653"}],"curies":[{"name":"wp","href":"https:\/\/api.w.org\/{rel}","templated":true}]}}