{"id":636,"date":"2024-01-09T19:52:54","date_gmt":"2024-01-09T19:52:54","guid":{"rendered":"https:\/\/handsforhorses.se\/?page_id=636"},"modified":"2026-01-16T20:36:06","modified_gmt":"2026-01-16T20:36:06","slug":"fascia-behandling","status":"publish","type":"page","link":"https:\/\/handsforhorses.se\/?page_id=636","title":{"rendered":"Fascia Behandling"},"content":{"rendered":"\n<p>Den v\u00e4lk\u00e4nde fasciaforskaren Luigi Stecco skrev &#8221;Fascia is the only tissue that modifies its consistency when under stress (plasticity) and which is capable of regaining its elasticity when subjected to manipulation (malleability)&#8221; (2004)<\/p>\n\n\n\n<p>Fascia \u00e4r en oavbruten viskoelastisk v\u00e4vnad som bildar en 3-dimensionell matris. Den omger alla strukturer i kroppen s\u00e5som muskler, organ, senor och till och med ben. Diskussionerna om hur fascia ska klassificeras p\u00e5g\u00e5r fortfarande n\u00e4r det g\u00e4ller definitionen av nomenklaturen. Enligt min mening kan fascian ses som ett organ eftersom fascian har olika funktioner beroende p\u00e5 var den sitter. Till exempel har fascian som omsluter musklerna andra funktioner \u00e4n fascian som finns runt njurarna. \u00c4ven om det \u00e4r ett oavbrutet system \u00e4r det logiskt att ben\u00e4mna myofascian efter de muskler den omger, eftersom vi m\u00e5ste definiera exakt vad vi unders\u00f6ker och fokuserar p\u00e5.<\/p>\n\n\n\n<p>F\u00f6r att behandla det myofasciala systemet (vi kan aldrig behandla antingen muskler eller fascia, vi behandlar dem alltid tillsammans) har jag olika verktyg och metoder. Med hj\u00e4lp av en metod som utvecklats av Liza Kimble, Equine Fascia and Trauma Release Therapy (EFTR<sup>\u00ae<\/sup>), kan jag frig\u00f6ra \u00e4ven mentala sp\u00e4nningar hos h\u00e4sten.<strong> Jag \u00e4r en av de f\u00e5 terapeuter som \u00e4r certifierad f\u00f6r EFTR.<\/strong><\/p>\n\n\n\n<p>F\u00f6r detta m\u00e5ste vi f\u00f6rst\u00e5 att varje stress och varje trauma &#8221;lagras&#8221; i v\u00e5ra kroppar. F\u00f6r h\u00e4star kan en stress eller ett trauma inneb\u00e4ra, att flytta till ett annat stall, \u00f6verg\u00e5ngen till en annan \u00e4gare, f\u00f6rlusten av en v\u00e4n i flocken p\u00e5 grund av d\u00f6dsfall eller att v\u00e4nnen flyttade.<\/p>\n\n\n\n<p>N\u00e4r jag observerar och k\u00e4nner kraftigare muskelsp\u00e4nningar anv\u00e4nder jag vibrerande mekanismer med en handh\u00e5llen apparat (t.ex. Atlasbalans). Jag anv\u00e4nder ocks\u00e5 ett manuellt myofasciellt verktyg fr\u00e5n Fasciq<sup>\u00ae<\/sup>.<\/p>\n\n\n\n<figure class=\"wp-block-image size-large is-resized\"><img loading=\"lazy\" decoding=\"async\" width=\"701\" height=\"1024\" src=\"https:\/\/handsforhorses.se\/wp-content\/uploads\/2025\/08\/IY4J3487-copy-701x1024.jpg\" alt=\"\" class=\"wp-image-880\" style=\"width:557px;height:auto\" srcset=\"https:\/\/handsforhorses.se\/wp-content\/uploads\/2025\/08\/IY4J3487-copy-701x1024.jpg 701w, https:\/\/handsforhorses.se\/wp-content\/uploads\/2025\/08\/IY4J3487-copy-205x300.jpg 205w, https:\/\/handsforhorses.se\/wp-content\/uploads\/2025\/08\/IY4J3487-copy-768x1122.jpg 768w, https:\/\/handsforhorses.se\/wp-content\/uploads\/2025\/08\/IY4J3487-copy-1051x1536.jpg 1051w, https:\/\/handsforhorses.se\/wp-content\/uploads\/2025\/08\/IY4J3487-copy-1402x2048.jpg 1402w, https:\/\/handsforhorses.se\/wp-content\/uploads\/2025\/08\/IY4J3487-copy.jpg 1443w\" sizes=\"auto, (max-width: 701px) 100vw, 701px\" \/><figcaption class=\"wp-element-caption\">Foto: Rebecka Jensen<\/figcaption><\/figure>\n\n\n\n<figure class=\"wp-block-image size-large is-resized\"><img loading=\"lazy\" decoding=\"async\" width=\"957\" height=\"1024\" src=\"https:\/\/handsforhorses.se\/wp-content\/uploads\/2024\/01\/413921783_978243713689952_7719760843952804401_n-1-957x1024.jpg\" alt=\"\" class=\"wp-image-637\" style=\"width:564px;height:auto\" srcset=\"https:\/\/handsforhorses.se\/wp-content\/uploads\/2024\/01\/413921783_978243713689952_7719760843952804401_n-1-957x1024.jpg 957w, https:\/\/handsforhorses.se\/wp-content\/uploads\/2024\/01\/413921783_978243713689952_7719760843952804401_n-1-280x300.jpg 280w, https:\/\/handsforhorses.se\/wp-content\/uploads\/2024\/01\/413921783_978243713689952_7719760843952804401_n-1-768x822.jpg 768w, https:\/\/handsforhorses.se\/wp-content\/uploads\/2024\/01\/413921783_978243713689952_7719760843952804401_n-1-1436x1536.jpg 1436w, https:\/\/handsforhorses.se\/wp-content\/uploads\/2024\/01\/413921783_978243713689952_7719760843952804401_n-1.jpg 1914w\" sizes=\"auto, (max-width: 957px) 100vw, 957px\" \/><\/figure>\n\n\n\n<figure class=\"wp-block-image size-large is-resized\"><img loading=\"lazy\" decoding=\"async\" width=\"683\" height=\"1024\" src=\"https:\/\/handsforhorses.se\/wp-content\/uploads\/2025\/08\/IY4J3510-683x1024.jpg\" alt=\"\" class=\"wp-image-874\" style=\"width:568px;height:auto\" srcset=\"https:\/\/handsforhorses.se\/wp-content\/uploads\/2025\/08\/IY4J3510-683x1024.jpg 683w, https:\/\/handsforhorses.se\/wp-content\/uploads\/2025\/08\/IY4J3510-200x300.jpg 200w, https:\/\/handsforhorses.se\/wp-content\/uploads\/2025\/08\/IY4J3510-768x1152.jpg 768w, https:\/\/handsforhorses.se\/wp-content\/uploads\/2025\/08\/IY4J3510-1024x1536.jpg 1024w, https:\/\/handsforhorses.se\/wp-content\/uploads\/2025\/08\/IY4J3510-1365x2048.jpg 1365w, https:\/\/handsforhorses.se\/wp-content\/uploads\/2025\/08\/IY4J3510-scaled.jpg 1707w\" sizes=\"auto, (max-width: 683px) 100vw, 683px\" \/><figcaption class=\"wp-element-caption\">Foto: Rebecka Jensen<\/figcaption><\/figure>\n\n\n\n<figure class=\"wp-block-image size-large\"><img loading=\"lazy\" decoding=\"async\" width=\"1024\" height=\"683\" src=\"https:\/\/handsforhorses.se\/wp-content\/uploads\/2025\/08\/386637432_3202814270024057_949279562938554249_n-1024x683.jpg\" alt=\"\" class=\"wp-image-876\" srcset=\"https:\/\/handsforhorses.se\/wp-content\/uploads\/2025\/08\/386637432_3202814270024057_949279562938554249_n-1024x683.jpg 1024w, https:\/\/handsforhorses.se\/wp-content\/uploads\/2025\/08\/386637432_3202814270024057_949279562938554249_n-300x200.jpg 300w, https:\/\/handsforhorses.se\/wp-content\/uploads\/2025\/08\/386637432_3202814270024057_949279562938554249_n-768x512.jpg 768w, https:\/\/handsforhorses.se\/wp-content\/uploads\/2025\/08\/386637432_3202814270024057_949279562938554249_n-1536x1024.jpg 1536w, https:\/\/handsforhorses.se\/wp-content\/uploads\/2025\/08\/386637432_3202814270024057_949279562938554249_n-480x320.jpg 480w, https:\/\/handsforhorses.se\/wp-content\/uploads\/2025\/08\/386637432_3202814270024057_949279562938554249_n-450x300.jpg 450w, https:\/\/handsforhorses.se\/wp-content\/uploads\/2025\/08\/386637432_3202814270024057_949279562938554249_n.jpg 2048w\" sizes=\"auto, (max-width: 1024px) 100vw, 1024px\" \/><figcaption class=\"wp-element-caption\">Foto: Rebecka Jensen<\/figcaption><\/figure>\n\n\n\n<p>Tillbaka till <a href=\"https:\/\/handsforhorses.se\/?page_id=600\">Mina Behandlingsmetoder<\/a><\/p>\n","protected":false},"excerpt":{"rendered":"<p>Den v\u00e4lk\u00e4nde fasciaforskaren Luigi Stecco skrev &#8221;Fascia is the only tissue that modifies its consistency when under stress (plasticity) and which is capable of regaining its elasticity when subjected to manipulation (malleability)&#8221; (2004) Fascia \u00e4r en oavbruten viskoelastisk v\u00e4vnad som bildar en 3-dimensionell matris. Den omger alla strukturer i kroppen s\u00e5som muskler, organ, senor och&hellip; <a class=\"more-link\" href=\"https:\/\/handsforhorses.se\/?page_id=636\">L\u00e4s mer <span class=\"screen-reader-text\">Fascia Behandling<\/span><\/a><\/p>\n","protected":false},"author":2,"featured_media":0,"parent":0,"menu_order":0,"comment_status":"closed","ping_status":"closed","template":"","meta":{"footnotes":""},"class_list":["post-636","page","type-page","status-publish","hentry"],"_links":{"self":[{"href":"https:\/\/handsforhorses.se\/index.php?rest_route=\/wp\/v2\/pages\/636","targetHints":{"allow":["GET"]}}],"collection":[{"href":"https:\/\/handsforhorses.se\/index.php?rest_route=\/wp\/v2\/pages"}],"about":[{"href":"https:\/\/handsforhorses.se\/index.php?rest_route=\/wp\/v2\/types\/page"}],"author":[{"embeddable":true,"href":"https:\/\/handsforhorses.se\/index.php?rest_route=\/wp\/v2\/users\/2"}],"replies":[{"embeddable":true,"href":"https:\/\/handsforhorses.se\/index.php?rest_route=%2Fwp%2Fv2%2Fcomments&post=636"}],"version-history":[{"count":8,"href":"https:\/\/handsforhorses.se\/index.php?rest_route=\/wp\/v2\/pages\/636\/revisions"}],"predecessor-version":[{"id":1006,"href":"https:\/\/handsforhorses.se\/index.php?rest_route=\/wp\/v2\/pages\/636\/revisions\/1006"}],"wp:attachment":[{"href":"https:\/\/handsforhorses.se\/index.php?rest_route=%2Fwp%2Fv2%2Fmedia&parent=636"}],"curies":[{"name":"wp","href":"https:\/\/api.w.org\/{rel}","templated":true}]}}