{"id":600,"date":"2024-01-09T18:13:09","date_gmt":"2024-01-09T18:13:09","guid":{"rendered":"https:\/\/handsforhorses.se\/?page_id=600"},"modified":"2025-08-09T16:12:14","modified_gmt":"2025-08-09T16:12:14","slug":"mina-metoder","status":"publish","type":"page","link":"https:\/\/handsforhorses.se\/?page_id=600","title":{"rendered":"Mina Behandlingsmetoder"},"content":{"rendered":"\n<p>Mitt s\u00e4tt att behandla h\u00e4star \u00e4r holistiskt och jag har byggt upp mitt eget system f\u00f6r att utf\u00f6ra en h\u00e4stbehandling.<\/p>\n\n\n\n<p>Varje behandling \u00e4r individuell och skr\u00e4ddarsydd efter varje h\u00e4stens behov.<\/p>\n\n\n\n<p>H\u00e4r \u00e4r en sammanfattning av de metoder och behandlingar jag anv\u00e4nder:<\/p>\n\n\n\n<ol class=\"wp-block-list\">\n<li><a href=\"https:\/\/handsforhorses.se\/?page_id=584\">Stresspunkt Massage<\/a><\/li>\n\n\n\n<li><a href=\"https:\/\/handsforhorses.se\/?page_id=134\">Lymfmassage<\/a><\/li>\n\n\n\n<li><a href=\"https:\/\/handsforhorses.se\/?page_id=636\">Fascia Behandling<\/a><\/li>\n\n\n\n<li><a href=\"https:\/\/handsforhorses.se\/?page_id=776\">Manuell Massage Behandling<\/a><\/li>\n\n\n\n<li><a href=\"https:\/\/handsforhorses.se\/?page_id=798\">Kinesiologi Tejpning<\/a><\/li>\n\n\n\n<li><a href=\"https:\/\/handsforhorses.se\/?page_id=924\">DryNeedling<\/a><\/li>\n<\/ol>\n\n\n\n<figure class=\"wp-block-gallery has-nested-images columns-default is-cropped wp-block-gallery-1 is-layout-flex wp-block-gallery-is-layout-flex\">\n<figure class=\"wp-block-image size-large\"><img loading=\"lazy\" decoding=\"async\" width=\"768\" height=\"1024\" data-id=\"601\" src=\"https:\/\/handsforhorses.se\/wp-content\/uploads\/2024\/01\/db4a34f1-3ff2-438d-8c7a-50a886455071-768x1024.jpg\" alt=\"\" class=\"wp-image-601\" srcset=\"https:\/\/handsforhorses.se\/wp-content\/uploads\/2024\/01\/db4a34f1-3ff2-438d-8c7a-50a886455071-768x1024.jpg 768w, https:\/\/handsforhorses.se\/wp-content\/uploads\/2024\/01\/db4a34f1-3ff2-438d-8c7a-50a886455071-225x300.jpg 225w, https:\/\/handsforhorses.se\/wp-content\/uploads\/2024\/01\/db4a34f1-3ff2-438d-8c7a-50a886455071-1152x1536.jpg 1152w, https:\/\/handsforhorses.se\/wp-content\/uploads\/2024\/01\/db4a34f1-3ff2-438d-8c7a-50a886455071.jpg 1200w\" sizes=\"auto, (max-width: 768px) 100vw, 768px\" \/><\/figure>\n\n\n\n<figure class=\"wp-block-image size-large\"><img loading=\"lazy\" decoding=\"async\" width=\"225\" height=\"300\" data-id=\"603\" src=\"https:\/\/handsforhorses.se\/wp-content\/uploads\/2024\/01\/6374372b-2cc7-4bfe-b694-289269a62dc4-225x300-1.jpg\" alt=\"\" class=\"wp-image-603\"\/><\/figure>\n<\/figure>\n","protected":false},"excerpt":{"rendered":"<p>Mitt s\u00e4tt att behandla h\u00e4star \u00e4r holistiskt och jag har byggt upp mitt eget system f\u00f6r att utf\u00f6ra en h\u00e4stbehandling. Varje behandling \u00e4r individuell och skr\u00e4ddarsydd efter varje h\u00e4stens behov. H\u00e4r \u00e4r en sammanfattning av de metoder och behandlingar jag anv\u00e4nder:<\/p>\n","protected":false},"author":2,"featured_media":0,"parent":0,"menu_order":0,"comment_status":"closed","ping_status":"closed","template":"","meta":{"footnotes":""},"class_list":["post-600","page","type-page","status-publish","hentry"],"_links":{"self":[{"href":"https:\/\/handsforhorses.se\/index.php?rest_route=\/wp\/v2\/pages\/600","targetHints":{"allow":["GET"]}}],"collection":[{"href":"https:\/\/handsforhorses.se\/index.php?rest_route=\/wp\/v2\/pages"}],"about":[{"href":"https:\/\/handsforhorses.se\/index.php?rest_route=\/wp\/v2\/types\/page"}],"author":[{"embeddable":true,"href":"https:\/\/handsforhorses.se\/index.php?rest_route=\/wp\/v2\/users\/2"}],"replies":[{"embeddable":true,"href":"https:\/\/handsforhorses.se\/index.php?rest_route=%2Fwp%2Fv2%2Fcomments&post=600"}],"version-history":[{"count":7,"href":"https:\/\/handsforhorses.se\/index.php?rest_route=\/wp\/v2\/pages\/600\/revisions"}],"predecessor-version":[{"id":970,"href":"https:\/\/handsforhorses.se\/index.php?rest_route=\/wp\/v2\/pages\/600\/revisions\/970"}],"wp:attachment":[{"href":"https:\/\/handsforhorses.se\/index.php?rest_route=%2Fwp%2Fv2%2Fmedia&parent=600"}],"curies":[{"name":"wp","href":"https:\/\/api.w.org\/{rel}","templated":true}]}}