{"id":60,"date":"2018-09-19T09:28:20","date_gmt":"2018-09-19T09:28:20","guid":{"rendered":"https:\/\/handsforhorses.se\/?page_id=60"},"modified":"2024-01-07T15:42:35","modified_gmt":"2024-01-07T15:42:35","slug":"wirkung-der-pferdemassage","status":"publish","type":"page","link":"https:\/\/handsforhorses.se\/?page_id=60&lang=de","title":{"rendered":"Effekte der Pferdemassage"},"content":{"rendered":"<p>Die Massage wirkt<\/p>\n<p><strong>stimulierend auf<\/strong><\/p>\n<ul>\n<li>die Durchblutung (lokale Steigerung, Erweiterung der Kapillargef\u00e4\u00dfe, Erw\u00e4rmung und Erweiterung des umliegenden Gewebes)<\/li>\n<li>den Zellstoffwechsel (bessere Nahrungsaufnahme, schnellerer Abtransport von Abbauprodukten)<\/li>\n<li>das vegetative Nervensystem (Aussch\u00fcttung von Botenstoffen\/Hormonen, Schmerzlinderung, Beruhigung, Entspannung von Muskulatur, Haut und Bindegewebe)<\/li>\n<li>die Proprioception<\/li>\n<\/ul>\n<p><strong>vorbeugend<\/strong><\/p>\n<ul>\n<li>Bewegungseinschr\u00e4nkungen (verursacht z.B. durch Muskelkater oder Muskelsch\u00e4den wie Muskelfaserrisse)<\/li>\n<li>Muskelverspannungen lassen sich fr\u00fchzeitig entdecken und beheben<\/li>\n<li>Stressreduktion sorgt f\u00fcr ein stabiles Nervenkost\u00fcm<\/li>\n<li>die Muskeln erholen sich schneller zwischen anstrengenden Trainingsintervallen oder nach Turnieren<\/li>\n<li>Muskeln und Sehnen bleiben elastisch, das Pferd erh\u00e4lt seine Geschmeidigkeit<\/li>\n<\/ul>\n<p><strong>heilend<\/strong><\/p>\n<div>\n<ul>\n<li>Verklebungen und Narben lassen sich leichter l\u00f6sen<\/li>\n<li>Die Wundheilung wird verbessert<\/li>\n<li>Die psychische Entspannung beruhigt aufgebrachte und verletzte Gem\u00fcter<\/li>\n<\/ul>\n<p><strong>Der ganzheitliche Ansatz der Massage steigert<\/strong><\/p>\n<ul>\n<li>die Gesamtkondition<\/li>\n<li>das physische und psychische Leistungsverm\u00f6gen und<\/li>\n<li>erh\u00e4lt die Gesundheit des Pferdes<\/li>\n<\/ul>\n<\/div>\n<p><strong>Wann empfiehlt sich eine Massage?<\/strong><\/p>\n<ul>\n<li>Zum Aufw\u00e4rmen vor der Arbeit<\/li>\n<li>Als Entspannung nach der Arbeit, sobald die Pulsfrequenz normal ist und das Pferd nicht mehr schwitzt<\/li>\n<li>Zur Vorbeugung gegen Sehnen- und Muskelsch\u00e4den<\/li>\n<\/ul>\n<p><strong>Woran erkenne ich, dass mein Pferd Muskelverspannungen hat?<\/strong><\/p>\n<ul>\n<li>Taktunreinheit<\/li>\n<li>H\u00e4ufiges Stolpern<\/li>\n<li>Schweifschiefstellung<\/li>\n<li>Probleme beim Hufe geben<\/li>\n<li>Widerstand bei gerittenen Aufgaben<\/li>\n<li>Gereizte Reaktionen beim Putzen, Striegeln und\/oder satteln<\/li>\n<\/ul>\n<p><strong>Und nach der Massage?<\/strong><\/p>\n<p>Nach der ersten Massage oder bei tiefsitzenden Muskelverspannungen k\u00f6nnen Symptome eines Muskelkaters auftreten. Das ist nichts ungew\u00f6hnliches, man sollte nur die ersten zwei Tage nach der Massage kein anstrengendes Training durchf\u00fchren. Direkt nach der Massage sollte dem Pferd genug zu trinken und Rauhfutter angeboten werden. Gegebenenfalls kann auch ein kleiner Spaziergang als &#8221;Beinstrecker&#8221; durchaus gut tun.<\/p>\n<p><strong>Wann darf nicht massiert werden:<\/strong><\/p>\n<ul>\n<li>wenn das Pferd lahmt<\/li>\n<li>wenn das Pferd eine Entz\u00fcndung hat<\/li>\n<li>wenn das Pferd unter tier\u00e4rztlicher Behandlung steht<\/li>\n<li>wenn das Pferd Medikamente oder schmerzlindernde Mittel bekommt<\/li>\n<li>wenn das Pferd eine Kolik hat<\/li>\n<li>wenn das Pferd eine ansteckende Krankheit hat<\/li>\n<li>wenn das Pferd tr\u00e4chtig ist<\/li>\n<li>wenn das Pferd ein Hufgeschw\u00fcr hat<\/li>\n<li>wenn das Pferd an Hufrehe erkrankt ist<\/li>\n<\/ul>\n<p><strong>Massage ist kein Ersatz f\u00fcr eine tier\u00e4rztliche Behandlung!<\/strong><\/p>\n","protected":false},"excerpt":{"rendered":"<p>Die Massage wirkt stimulierend auf die Durchblutung (lokale Steigerung, Erweiterung der Kapillargef\u00e4\u00dfe, Erw\u00e4rmung und Erweiterung des umliegenden Gewebes) den Zellstoffwechsel (bessere Nahrungsaufnahme, schnellerer Abtransport von Abbauprodukten) das vegetative Nervensystem (Aussch\u00fcttung von Botenstoffen\/Hormonen, Schmerzlinderung, Beruhigung, Entspannung von Muskulatur, Haut und Bindegewebe) die Proprioception vorbeugend Bewegungseinschr\u00e4nkungen (verursacht z.B. durch Muskelkater oder Muskelsch\u00e4den wie Muskelfaserrisse) Muskelverspannungen lassen sich&hellip; <a class=\"more-link\" href=\"https:\/\/handsforhorses.se\/?page_id=60&#038;lang=de\">L\u00e4s mer <span class=\"screen-reader-text\">Effekte der Pferdemassage<\/span><\/a><\/p>\n","protected":false},"author":1,"featured_media":0,"parent":0,"menu_order":0,"comment_status":"closed","ping_status":"closed","template":"","meta":{"footnotes":""},"class_list":["post-60","page","type-page","status-publish","hentry"],"_links":{"self":[{"href":"https:\/\/handsforhorses.se\/index.php?rest_route=\/wp\/v2\/pages\/60","targetHints":{"allow":["GET"]}}],"collection":[{"href":"https:\/\/handsforhorses.se\/index.php?rest_route=\/wp\/v2\/pages"}],"about":[{"href":"https:\/\/handsforhorses.se\/index.php?rest_route=\/wp\/v2\/types\/page"}],"author":[{"embeddable":true,"href":"https:\/\/handsforhorses.se\/index.php?rest_route=\/wp\/v2\/users\/1"}],"replies":[{"embeddable":true,"href":"https:\/\/handsforhorses.se\/index.php?rest_route=%2Fwp%2Fv2%2Fcomments&post=60"}],"version-history":[{"count":7,"href":"https:\/\/handsforhorses.se\/index.php?rest_route=\/wp\/v2\/pages\/60\/revisions"}],"predecessor-version":[{"id":543,"href":"https:\/\/handsforhorses.se\/index.php?rest_route=\/wp\/v2\/pages\/60\/revisions\/543"}],"wp:attachment":[{"href":"https:\/\/handsforhorses.se\/index.php?rest_route=%2Fwp%2Fv2%2Fmedia&parent=60"}],"curies":[{"name":"wp","href":"https:\/\/api.w.org\/{rel}","templated":true}]}}