{"id":53,"date":"2018-09-19T09:25:34","date_gmt":"2018-09-19T09:25:34","guid":{"rendered":"https:\/\/handsforhorses.se\/?page_id=53"},"modified":"2024-01-12T20:49:52","modified_gmt":"2024-01-12T20:49:52","slug":"uber-mich","status":"publish","type":"page","link":"https:\/\/handsforhorses.se\/?page_id=53&lang=de","title":{"rendered":"\u00dcber mich"},"content":{"rendered":"<p dir=\"ltr\" data-placeholder=\"\u00d6vers\u00e4ttning\">Ich bin promovierte Diplom-Biologin mit Schwerpunkt Neurophysiologie und Anatomie. Im Anschluss an die Promotion habe ich als Assistentin am Institut f\u00fcr Anatomie und zellul\u00e4re Neuroanatomie an der Universit\u00e4t Ulm gearbeitet.\u00a0<\/p>\n<p dir=\"ltr\" data-placeholder=\"\u00d6vers\u00e4ttning\"><span lang=\"de\">Durch meine Ausbildung und meine Studien in Biologie und menschlicher Anatomie kann ich Bewegung und physiologische Prozesse leicht erfassen und habe ein tiefes Verst\u00e4ndnis f\u00fcr Muskelaufbau, Schmerz, Muskelspannung und Schmerzlinderung.<\/span><\/p>\n<p id=\"tw-target-text\" class=\"tw-data-text tw-ta tw-text-small\" dir=\"ltr\" data-placeholder=\"\u00d6vers\u00e4ttning\"><span lang=\"de\">Das Verst\u00e4ndnis, wie wichtig ein balanciertes und ausgeglichenes Pferd ist, und die Entscheidung, mich mit diesen wundervollen Tieren n\u00e4her zu besch\u00e4ftigen, haben mich dazu gebracht, an der Animal Massage School in Stockholm\u00a0 das Diplom zum Equine Sportsmassage Therapist abzusolvieren. Seit 2010 bin ich Inhaberin der Firma &#8221;Hands for Horses Sweden&#8221;. <\/span><\/p>\n<p class=\"tw-data-text tw-ta tw-text-small\" dir=\"ltr\" data-placeholder=\"\u00d6vers\u00e4ttning\"><span lang=\"de\">Meine Liebe und Leidenschaft existiert seit meiner Kindheit bis heute noch an. Mehr als 40 Jahre Reit- und Reiterfahrung in Deutschland und Schweden haben mir gezeigt, wie wichtig es ist, immer ein entspanntes Pferd zu haben. Ausgeglichene Pferde sind leichter zu balancieren. Es ist eine Grundvoraussetzung f\u00fcr fl\u00fcssige Bewegung und harmonisches Reiten.\u00a0<\/span><\/p>\n<p class=\"tw-data-text tw-ta tw-text-small\" dir=\"ltr\" data-placeholder=\"\u00d6vers\u00e4ttning\"><span lang=\"de\">Die Ausbildung zum Equine Sportsmassage Therapist beinhaltet sowohl die Anatomie des Pferdes, seine Muskel- und Verdauungsphysiologie, Tierern\u00e4hrung, Bewegungsanalyse, Trainingseinheiten und deren Wirkungen.\u00a0<\/span><\/p>\n<p class=\"tw-data-text tw-ta tw-text-small\" dir=\"ltr\" data-placeholder=\"\u00d6vers\u00e4ttning\"><span lang=\"de\"> Nutzen Sie mein Wissen, meine Erfahrung und meine Ausbildungen, um sicherzustellen, dass Ihr Pferd optimal behandelt wird und damit ein Betrag geleistet ist, die seine langfristige Gesundheit garantiert.<\/span><\/p>\n<p dir=\"ltr\" data-placeholder=\"\u00d6vers\u00e4ttning\">Ich arbeite jedoch nicht ausschlie\u00dflich mit Muskeln, sondern auch mit Faszien, einem wichtigen Bindegewebe, das nicht nur zur Bewegungsf\u00e4higkeit beitr\u00e4gt sondern auch zur mentalen Gesundheit. Ich biete daf\u00fcr Equine Fascia Trauma Release (EFTR) Therapy an.\u00a0<\/p>\n<p dir=\"ltr\" data-placeholder=\"\u00d6vers\u00e4ttning\">Diese Therapieform ist noch nicht weit verbreitet und Therapeuten, die diese Technik anbieten k\u00f6nnen, sind nicht weitverbreitet.\u00a0<\/p>\n<p dir=\"ltr\" data-placeholder=\"\u00d6vers\u00e4ttning\">Kontaktieren Sie mich gerne, wenn Sie mehr \u00fcber mich erfahren wollen oder mit mir einen Termin vereinbaren wollen.<\/p>\n<p dir=\"ltr\" data-placeholder=\"\u00d6vers\u00e4ttning\">\n\n\n<figure class=\"wp-block-image size-large is-resized\"><img loading=\"lazy\" decoding=\"async\" width=\"315\" height=\"362\" src=\"https:\/\/handsforhorses.se\/wp-content\/uploads\/2020\/03\/kontaktamig-2.jpg\" alt=\"\" class=\"wp-image-357\" style=\"width:520px;height:598px\" srcset=\"https:\/\/handsforhorses.se\/wp-content\/uploads\/2020\/03\/kontaktamig-2.jpg 315w, https:\/\/handsforhorses.se\/wp-content\/uploads\/2020\/03\/kontaktamig-2-261x300.jpg 261w\" sizes=\"auto, (max-width: 315px) 100vw, 315px\" \/><\/figure>\n\n\n\n<p>Wenn Sie sich weiterhin f\u00fcr Faszien, insbesondere f\u00fcr Forschung und wissenschaftliche Erkenntnisse \u00fcber Faszien interessieren, besuchen Sie gerne auch meine neue Homepage &#8221;<a href=\"http:\/\/www.thefasciaspecialist.se\">The Fasciaspecialist<\/a>&#8221;.<\/p>\n","protected":false},"excerpt":{"rendered":"<p>Ich bin promovierte Diplom-Biologin mit Schwerpunkt Neurophysiologie und Anatomie. Im Anschluss an die Promotion habe ich als Assistentin am Institut f\u00fcr Anatomie und zellul\u00e4re Neuroanatomie an der Universit\u00e4t Ulm gearbeitet.\u00a0 Durch meine Ausbildung und meine Studien in Biologie und menschlicher Anatomie kann ich Bewegung und physiologische Prozesse leicht erfassen und habe ein tiefes Verst\u00e4ndnis f\u00fcr&hellip; <a class=\"more-link\" href=\"https:\/\/handsforhorses.se\/?page_id=53&#038;lang=de\">L\u00e4s mer <span class=\"screen-reader-text\">\u00dcber mich<\/span><\/a><\/p>\n","protected":false},"author":1,"featured_media":0,"parent":0,"menu_order":0,"comment_status":"closed","ping_status":"closed","template":"","meta":{"footnotes":""},"class_list":["post-53","page","type-page","status-publish","hentry"],"_links":{"self":[{"href":"https:\/\/handsforhorses.se\/index.php?rest_route=\/wp\/v2\/pages\/53","targetHints":{"allow":["GET"]}}],"collection":[{"href":"https:\/\/handsforhorses.se\/index.php?rest_route=\/wp\/v2\/pages"}],"about":[{"href":"https:\/\/handsforhorses.se\/index.php?rest_route=\/wp\/v2\/types\/page"}],"author":[{"embeddable":true,"href":"https:\/\/handsforhorses.se\/index.php?rest_route=\/wp\/v2\/users\/1"}],"replies":[{"embeddable":true,"href":"https:\/\/handsforhorses.se\/index.php?rest_route=%2Fwp%2Fv2%2Fcomments&post=53"}],"version-history":[{"count":8,"href":"https:\/\/handsforhorses.se\/index.php?rest_route=\/wp\/v2\/pages\/53\/revisions"}],"predecessor-version":[{"id":841,"href":"https:\/\/handsforhorses.se\/index.php?rest_route=\/wp\/v2\/pages\/53\/revisions\/841"}],"wp:attachment":[{"href":"https:\/\/handsforhorses.se\/index.php?rest_route=%2Fwp%2Fv2%2Fmedia&parent=53"}],"curies":[{"name":"wp","href":"https:\/\/api.w.org\/{rel}","templated":true}]}}