{"id":49,"date":"2018-09-19T09:23:38","date_gmt":"2018-09-19T09:23:38","guid":{"rendered":"https:\/\/handsforhorses.se\/?page_id=49"},"modified":"2024-01-12T20:48:43","modified_gmt":"2024-01-12T20:48:43","slug":"om-mig","status":"publish","type":"page","link":"https:\/\/handsforhorses.se\/?page_id=49","title":{"rendered":"Om mig"},"content":{"rendered":"<p>Jag heter Karen Wild och har en PhD i biologi med fokus p\u00e5 neurofysiologi och anatomi. Efter min disputation var jag forskningsassistent vid institutet f\u00f6r anatomi och cellul\u00e4r neuroanatomi p\u00e5 universitetet i Ulm.<\/p>\n<p>Genom min utbildning och mina studier i biologi och anatomi f\u00f6rst\u00e5r jag l\u00e4tt r\u00f6relse och fysiologiska processer och har en djup f\u00f6rst\u00e5else f\u00f6r muskeltonus, sm\u00e4rta, muskelsp\u00e4nning och proprioception.<\/p>\n<p>\u00c5r 2010 tog jag \u00e4ven examen som Equine Sports Massage Therapist och har sedan dess varit \u00e4gare till mitt f\u00f6retag &#8221;Hands for Horses Sweden&#8221;.<\/p>\n<p>Mer \u00e4n 40 \u00e5rs erfarenhet av h\u00e4star i Tyskland och Sverige har visat mig hur viktigt det \u00e4r att ha en avsp\u00e4nd och balanserad h\u00e4st. Det \u00e4r ett grundl\u00e4ggande krav f\u00f6r smidig r\u00f6relse och harmonisk ridning.<\/p>\n<p>Utbildningen till Equine Sports Massage Therapist omfattar h\u00e4stens anatomi, dess muskel- och matsm\u00e4ltningsfysiologi, djurfoder, r\u00f6relseanalys, tr\u00e4ningspass och deras effekter.<\/p>\n<p>Dra nytta av min kunskap, erfarenhet och utbildning f\u00f6r att behandla din h\u00e4st p\u00e5 b\u00e4sta m\u00f6jliga s\u00e4tt f\u00f6r att s\u00e4kerst\u00e4lla dess l\u00e5ngsiktiga h\u00e4lsa.<\/p>\n<p>Jag arbetar dock inte enbart med muskler utan \u00e4ven med fascia, en viktig bindv\u00e4v som inte bara bidrar till r\u00f6rlighet utan \u00e4ven till mental h\u00e4lsa. F\u00f6r detta \u00e4ndam\u00e5l erbjuder jag Equine Fascia Trauma Release (EFTR<sup>\u00ae<\/sup>) Therapy.<\/p>\n<p>Denna terapiform \u00e4r \u00e4nnu inte s\u00e5 k\u00e4nd och terapeuter som kan erbjuda denna teknik \u00e4r s\u00e4llsynta h\u00e4r i Stockholmsomr\u00e5det.<\/p>\n<p>Jag arbetar ocks\u00e5 med proprioception, en viktig del av kroppens sj\u00e4lvmedvetenhet. Som n\u00e4mndes ovan arbetar jag d\u00e4rf\u00f6r b\u00e5de med fascia med manuella tekniker, men ocks\u00e5 med kinesiotejp.<\/p>\n<p>Kontakta mig g\u00e4rna om du vill veta mer om mig eller boka en tid.<\/p>\n\n\n<figure class=\"wp-block-image size-large is-resized\"><img loading=\"lazy\" decoding=\"async\" width=\"315\" height=\"362\" src=\"https:\/\/handsforhorses.se\/wp-content\/uploads\/2020\/03\/kontaktamig.jpg\" alt=\"\" class=\"wp-image-351\" srcset=\"https:\/\/handsforhorses.se\/wp-content\/uploads\/2020\/03\/kontaktamig.jpg 315w, https:\/\/handsforhorses.se\/wp-content\/uploads\/2020\/03\/kontaktamig-261x300.jpg 261w\" sizes=\"auto, (max-width: 315px) 100vw, 315px\" \/><\/figure>\n\n\n\n<p>Om du \u00e4r vidare intresserad av fascia, s\u00e4rskilt forskning och vetenskapliga insikter om fascia, bes\u00f6k g\u00e4rna ocks\u00e5 min nya hemsida &#8221;<a href=\"http:\/\/www.thefasciaspecialist.se\">The Fasciaspecialist<\/a>&#8221;<\/p>\n","protected":false},"excerpt":{"rendered":"<p>Jag heter Karen Wild och har en PhD i biologi med fokus p\u00e5 neurofysiologi och anatomi. Efter min disputation var jag forskningsassistent vid institutet f\u00f6r anatomi och cellul\u00e4r neuroanatomi p\u00e5 universitetet i Ulm. Genom min utbildning och mina studier i biologi och anatomi f\u00f6rst\u00e5r jag l\u00e4tt r\u00f6relse och fysiologiska processer och har en djup f\u00f6rst\u00e5else&hellip; <a class=\"more-link\" href=\"https:\/\/handsforhorses.se\/?page_id=49\">L\u00e4s mer <span class=\"screen-reader-text\">Om mig<\/span><\/a><\/p>\n","protected":false},"author":1,"featured_media":0,"parent":0,"menu_order":0,"comment_status":"closed","ping_status":"closed","template":"","meta":{"footnotes":""},"class_list":["post-49","page","type-page","status-publish","hentry"],"_links":{"self":[{"href":"https:\/\/handsforhorses.se\/index.php?rest_route=\/wp\/v2\/pages\/49","targetHints":{"allow":["GET"]}}],"collection":[{"href":"https:\/\/handsforhorses.se\/index.php?rest_route=\/wp\/v2\/pages"}],"about":[{"href":"https:\/\/handsforhorses.se\/index.php?rest_route=\/wp\/v2\/types\/page"}],"author":[{"embeddable":true,"href":"https:\/\/handsforhorses.se\/index.php?rest_route=\/wp\/v2\/users\/1"}],"replies":[{"embeddable":true,"href":"https:\/\/handsforhorses.se\/index.php?rest_route=%2Fwp%2Fv2%2Fcomments&post=49"}],"version-history":[{"count":10,"href":"https:\/\/handsforhorses.se\/index.php?rest_route=\/wp\/v2\/pages\/49\/revisions"}],"predecessor-version":[{"id":840,"href":"https:\/\/handsforhorses.se\/index.php?rest_route=\/wp\/v2\/pages\/49\/revisions\/840"}],"wp:attachment":[{"href":"https:\/\/handsforhorses.se\/index.php?rest_route=%2Fwp%2Fv2%2Fmedia&parent=49"}],"curies":[{"name":"wp","href":"https:\/\/api.w.org\/{rel}","templated":true}]}}