{"id":27,"date":"2018-09-19T07:51:40","date_gmt":"2018-09-19T07:51:40","guid":{"rendered":"https:\/\/handsforhorses.se\/?page_id=27"},"modified":"2024-01-09T20:41:59","modified_gmt":"2024-01-09T20:41:59","slug":"hands-for-horses-sweden-4","status":"publish","type":"page","link":"https:\/\/handsforhorses.se\/?page_id=27&lang=de","title":{"rendered":"Hands for Horses Sweden"},"content":{"rendered":"<p><strong>Vorbeugen ist besser als heilen!<\/strong><\/p>\n<p>Ist Ihr Pferd gesund? Dann erhalten Sie diese Gesundheit \u2013 ganzheitlich!<br \/>Gesundheit, Leistungsf\u00e4higkeit und Wohlbefinden ist das kostbarstes Gut f\u00fcr uns alle, auch f\u00fcr unsere Pferde und so, wie zu Zeiten von Hippokrates, gilt auch heute noch:<\/p>\n<p><strong>Vorbeugen ist besser als heilen.<\/strong><\/p>\n<p>Massage ist eine vorbeugende Ma\u00dfnahme gegen Sportverletzungen, Sehnenprobleme und die vorzeitige Erm\u00fcdung der Muskulatur, nicht nur f\u00fcr uns Menschen.<\/p>\n<p>Eine Massage bei Pferden wirkt sich nachhaltig positiv auf die Gesundheit, die Leistungsf\u00e4higkeit und das Nervenkost\u00fcm Ihres Pferdes aus.<\/p>\n<p>Ein leistungsf\u00e4higes Pferd bedeutet Freude beim Umgang und Reiten, vielleicht sogar ein Sieg auf dem Turnier. Nicht zuletzt wird sich ein gesundes Pferd mit Freude und Leichtigkeit bewegen k\u00f6nnen \u2013 ohne Einschr\u00e4nkungen.<br \/>Laut Jack Meagher, dem Begr\u00fcnder der Equinen Sportmassage kann durch Massage die Leistungsf\u00e4higkeit des Pferdes um bis zu 20 Prozent gesteigert werden.<\/p>\n<p>\u00a0<\/p>\n\n\n<figure class=\"wp-block-image size-large\"><img loading=\"lazy\" decoding=\"async\" width=\"1024\" height=\"575\" src=\"https:\/\/handsforhorses.se\/wp-content\/uploads\/2024\/01\/Skarmbild-2024-01-09-214111-1024x575.jpg\" alt=\"\" class=\"wp-image-773\" srcset=\"https:\/\/handsforhorses.se\/wp-content\/uploads\/2024\/01\/Skarmbild-2024-01-09-214111-1024x575.jpg 1024w, https:\/\/handsforhorses.se\/wp-content\/uploads\/2024\/01\/Skarmbild-2024-01-09-214111-300x169.jpg 300w, https:\/\/handsforhorses.se\/wp-content\/uploads\/2024\/01\/Skarmbild-2024-01-09-214111-768x431.jpg 768w, https:\/\/handsforhorses.se\/wp-content\/uploads\/2024\/01\/Skarmbild-2024-01-09-214111-534x300.jpg 534w, https:\/\/handsforhorses.se\/wp-content\/uploads\/2024\/01\/Skarmbild-2024-01-09-214111.jpg 1431w\" sizes=\"auto, (max-width: 1024px) 100vw, 1024px\" \/><\/figure>\n","protected":false},"excerpt":{"rendered":"<p>Vorbeugen ist besser als heilen! Ist Ihr Pferd gesund? Dann erhalten Sie diese Gesundheit \u2013 ganzheitlich!Gesundheit, Leistungsf\u00e4higkeit und Wohlbefinden ist das kostbarstes Gut f\u00fcr uns alle, auch f\u00fcr unsere Pferde und so, wie zu Zeiten von Hippokrates, gilt auch heute noch: Vorbeugen ist besser als heilen. Massage ist eine vorbeugende Ma\u00dfnahme gegen Sportverletzungen, Sehnenprobleme und&hellip; <a class=\"more-link\" href=\"https:\/\/handsforhorses.se\/?page_id=27&#038;lang=de\">L\u00e4s mer <span class=\"screen-reader-text\">Hands for Horses Sweden<\/span><\/a><\/p>\n","protected":false},"author":1,"featured_media":0,"parent":0,"menu_order":0,"comment_status":"closed","ping_status":"closed","template":"","meta":{"footnotes":""},"class_list":["post-27","page","type-page","status-publish","hentry"],"_links":{"self":[{"href":"https:\/\/handsforhorses.se\/index.php?rest_route=\/wp\/v2\/pages\/27","targetHints":{"allow":["GET"]}}],"collection":[{"href":"https:\/\/handsforhorses.se\/index.php?rest_route=\/wp\/v2\/pages"}],"about":[{"href":"https:\/\/handsforhorses.se\/index.php?rest_route=\/wp\/v2\/types\/page"}],"author":[{"embeddable":true,"href":"https:\/\/handsforhorses.se\/index.php?rest_route=\/wp\/v2\/users\/1"}],"replies":[{"embeddable":true,"href":"https:\/\/handsforhorses.se\/index.php?rest_route=%2Fwp%2Fv2%2Fcomments&post=27"}],"version-history":[{"count":7,"href":"https:\/\/handsforhorses.se\/index.php?rest_route=\/wp\/v2\/pages\/27\/revisions"}],"predecessor-version":[{"id":774,"href":"https:\/\/handsforhorses.se\/index.php?rest_route=\/wp\/v2\/pages\/27\/revisions\/774"}],"wp:attachment":[{"href":"https:\/\/handsforhorses.se\/index.php?rest_route=%2Fwp%2Fv2%2Fmedia&parent=27"}],"curies":[{"name":"wp","href":"https:\/\/api.w.org\/{rel}","templated":true}]}}