{"id":23,"date":"2018-09-19T07:49:41","date_gmt":"2018-09-19T07:49:41","guid":{"rendered":"https:\/\/handsforhorses.se\/?page_id=23"},"modified":"2024-01-09T20:38:18","modified_gmt":"2024-01-09T20:38:18","slug":"hands-for-horses-sweden-2","status":"publish","type":"page","link":"https:\/\/handsforhorses.se\/","title":{"rendered":"Hands for Horses Sweden"},"content":{"rendered":"<p><strong>Det \u00e4r b\u00e4ttre att f\u00f6rebygga \u00e4n botande!\u00a0<\/strong><\/p>\n<p>\u00c4r din h\u00e4st frisk? Uppn\u00e5 d\u00e5 denna h\u00e4lsa &#8211; holistiskt!<\/p>\n<p>H\u00e4lsa, prestation och v\u00e4lbefinnande \u00e4r de mest v\u00e4rdefulla resurserna f\u00f6r oss alla, inklusive v\u00e5ra h\u00e4star, och precis som under Hippokrates tider g\u00e4ller samma sak \u00e4n idag:<\/p>\n<p><strong>Att f\u00f6rebygga \u00e4r b\u00e4ttre \u00e4n att bota.<\/strong><\/p>\n<p>Massage \u00e4r en f\u00f6rebyggande metod mot idrottsskador, senproblem och f\u00f6r snabb muskeltr\u00f6tthet, och inte bara f\u00f6r oss m\u00e4nniskor.<\/p>\n<p>En massagebehandling f\u00f6r h\u00e4star har en best\u00e5ende positiv effekt, prestationsf\u00f6rm\u00e5ga och nervsystem.<\/p>\n<p>En v\u00e4lm\u00e5ende h\u00e4st inneb\u00e4r gl\u00e4dje vid hantering och ridning, kanske till och med en vinst p\u00e5 en t\u00e4vling. Sist men inte minst kommer en frisk h\u00e4st att kunna r\u00f6ra sig med gl\u00e4dje och l\u00e4tthet &#8211; utan inskr\u00e4nkningar.<\/p>\n<p>Enligt Jack Meagher, grundaren av sportmassage f\u00f6r h\u00e4star, kan massage \u00f6ka h\u00e4stens prestationsf\u00f6rm\u00e5ga med upp till 20 procent.<\/p>\n\n\n<figure class=\"wp-block-image size-large is-resized\"><img loading=\"lazy\" decoding=\"async\" width=\"1024\" height=\"577\" src=\"https:\/\/handsforhorses.se\/wp-content\/uploads\/2024\/01\/3-Sekunder-1-1024x577.jpg\" alt=\"\" class=\"wp-image-766\" style=\"width:841px;height:auto\" srcset=\"https:\/\/handsforhorses.se\/wp-content\/uploads\/2024\/01\/3-Sekunder-1-1024x577.jpg 1024w, https:\/\/handsforhorses.se\/wp-content\/uploads\/2024\/01\/3-Sekunder-1-300x169.jpg 300w, https:\/\/handsforhorses.se\/wp-content\/uploads\/2024\/01\/3-Sekunder-1-768x433.jpg 768w, https:\/\/handsforhorses.se\/wp-content\/uploads\/2024\/01\/3-Sekunder-1-533x300.jpg 533w, https:\/\/handsforhorses.se\/wp-content\/uploads\/2024\/01\/3-Sekunder-1.jpg 1296w\" sizes=\"auto, (max-width: 1024px) 100vw, 1024px\" \/><\/figure>\n","protected":false},"excerpt":{"rendered":"<p>Det \u00e4r b\u00e4ttre att f\u00f6rebygga \u00e4n botande!\u00a0 \u00c4r din h\u00e4st frisk? Uppn\u00e5 d\u00e5 denna h\u00e4lsa &#8211; holistiskt! H\u00e4lsa, prestation och v\u00e4lbefinnande \u00e4r de mest v\u00e4rdefulla resurserna f\u00f6r oss alla, inklusive v\u00e5ra h\u00e4star, och precis som under Hippokrates tider g\u00e4ller samma sak \u00e4n idag: Att f\u00f6rebygga \u00e4r b\u00e4ttre \u00e4n att bota. Massage \u00e4r en f\u00f6rebyggande metod&hellip; <a class=\"more-link\" href=\"https:\/\/handsforhorses.se\/\">L\u00e4s mer <span class=\"screen-reader-text\">Hands for Horses Sweden<\/span><\/a><\/p>\n","protected":false},"author":1,"featured_media":0,"parent":0,"menu_order":0,"comment_status":"closed","ping_status":"closed","template":"","meta":{"footnotes":""},"class_list":["post-23","page","type-page","status-publish","hentry"],"_links":{"self":[{"href":"https:\/\/handsforhorses.se\/index.php?rest_route=\/wp\/v2\/pages\/23","targetHints":{"allow":["GET"]}}],"collection":[{"href":"https:\/\/handsforhorses.se\/index.php?rest_route=\/wp\/v2\/pages"}],"about":[{"href":"https:\/\/handsforhorses.se\/index.php?rest_route=\/wp\/v2\/types\/page"}],"author":[{"embeddable":true,"href":"https:\/\/handsforhorses.se\/index.php?rest_route=\/wp\/v2\/users\/1"}],"replies":[{"embeddable":true,"href":"https:\/\/handsforhorses.se\/index.php?rest_route=%2Fwp%2Fv2%2Fcomments&post=23"}],"version-history":[{"count":18,"href":"https:\/\/handsforhorses.se\/index.php?rest_route=\/wp\/v2\/pages\/23\/revisions"}],"predecessor-version":[{"id":769,"href":"https:\/\/handsforhorses.se\/index.php?rest_route=\/wp\/v2\/pages\/23\/revisions\/769"}],"wp:attachment":[{"href":"https:\/\/handsforhorses.se\/index.php?rest_route=%2Fwp%2Fv2%2Fmedia&parent=23"}],"curies":[{"name":"wp","href":"https:\/\/api.w.org\/{rel}","templated":true}]}}