{"id":214,"date":"2020-02-28T16:26:04","date_gmt":"2020-02-28T16:26:04","guid":{"rendered":"https:\/\/handsforhorses.se\/?page_id=214"},"modified":"2024-01-07T13:52:09","modified_gmt":"2024-01-07T13:52:09","slug":"varfor-hastmassage","status":"publish","type":"page","link":"https:\/\/handsforhorses.se\/?page_id=214","title":{"rendered":"Varf\u00f6r H\u00e4stmassage?"},"content":{"rendered":"<p>H\u00e4star \u00e4r v\u00e5ra st\u00f6rsta atleter, med upp till 64 % av sin kroppsvikt best\u00e5ende av muskler.<\/p>\n<p>En h\u00e4st som \u00e4r aktiv inom ridsporten m\u00e5ste kunna r\u00f6ra sig utan begr\u00e4nsningar och utveckla sin muskelstyrka fullt ut.<\/p>\n<p>F\u00f6r att kunna g\u00f6ra detta f\u00e5r den inte f\u00f6rs\u00e4mras genom sp\u00e4nningar i musklerna.<\/p>\n<p>Sm\u00e4rta som orsakas av r\u00f6relse manifesterar sig i r\u00f6relsesekvensen och hindrar den obegr\u00e4nsade anv\u00e4ndningen av h\u00e4sten i ridsport. Dessa begr\u00e4nsningar orsakar obalanserade r\u00f6relsesekvenser, vilket resulterar i motst\u00e5nd under ridning.<\/p>\n<p><img loading=\"lazy\" decoding=\"async\" class=\"alignnone size-medium wp-image-533\" src=\"https:\/\/handsforhorses.se\/wp-content\/uploads\/2024\/01\/319314_2202003345127_77814358_n-2-300x200.jpg\" alt=\"\" width=\"300\" height=\"200\" srcset=\"https:\/\/handsforhorses.se\/wp-content\/uploads\/2024\/01\/319314_2202003345127_77814358_n-2-300x200.jpg 300w, https:\/\/handsforhorses.se\/wp-content\/uploads\/2024\/01\/319314_2202003345127_77814358_n-2-480x320.jpg 480w, https:\/\/handsforhorses.se\/wp-content\/uploads\/2024\/01\/319314_2202003345127_77814358_n-2-450x300.jpg 450w, https:\/\/handsforhorses.se\/wp-content\/uploads\/2024\/01\/319314_2202003345127_77814358_n-2.jpg 720w\" sizes=\"auto, (max-width: 300px) 100vw, 300px\" \/><\/p>\n<p>Ryttaren f\u00f6rlorar gl\u00e4djen i att rida och h\u00e4sten f\u00f6rlorar lusten att arbeta med m\u00e4nniskor.<\/p>\n<p>H\u00e4stmassage anv\u00e4nds fr\u00e4mst i USA, men \u00e4ven i Sverige, s\u00e4rskilt i galopp och trav, som en f\u00f6rebyggande \u00e5tg\u00e4rd och som en behandlingsmetod f\u00f6r muskelsp\u00e4nningar.<\/p>\n<p>H\u00e4stmass\u00f6rer \u00e4r en del av teamet kring h\u00e4sten d\u00e4r, precis som veterin\u00e4rer, hovslagare, tr\u00e4nare och h\u00e4stsk\u00f6tare. Tillsammans ser de till att h\u00e4stens h\u00e4lsa bibeh\u00e5lls och att dess prestationsf\u00f6rm\u00e5ga optimeras.<\/p>\n<p>Men denna form av terapi \u00e4r inte bara avsedd f\u00f6r professionella idrottare eller ryttare; fritidsryttare kan ocks\u00e5 \u00e5terf\u00e5 gl\u00e4djen och tillfredsst\u00e4llelsen med att rida, s\u00e4rskilt n\u00e4r saker och ting bokstavligen &#8221;l\u00e5ser&#8221; sig. Oavsett om det \u00e4r i ridhuset eller p\u00e5 f\u00e4ltet.<\/p>\n<div><\/div>\n","protected":false},"excerpt":{"rendered":"<p>H\u00e4star \u00e4r v\u00e5ra st\u00f6rsta atleter, med upp till 64 % av sin kroppsvikt best\u00e5ende av muskler. En h\u00e4st som \u00e4r aktiv inom ridsporten m\u00e5ste kunna r\u00f6ra sig utan begr\u00e4nsningar och utveckla sin muskelstyrka fullt ut. F\u00f6r att kunna g\u00f6ra detta f\u00e5r den inte f\u00f6rs\u00e4mras genom sp\u00e4nningar i musklerna. Sm\u00e4rta som orsakas av r\u00f6relse manifesterar sig&hellip; <a class=\"more-link\" href=\"https:\/\/handsforhorses.se\/?page_id=214\">L\u00e4s mer <span class=\"screen-reader-text\">Varf\u00f6r H\u00e4stmassage?<\/span><\/a><\/p>\n","protected":false},"author":2,"featured_media":0,"parent":0,"menu_order":0,"comment_status":"closed","ping_status":"closed","template":"","meta":{"footnotes":""},"class_list":["post-214","page","type-page","status-publish","hentry"],"_links":{"self":[{"href":"https:\/\/handsforhorses.se\/index.php?rest_route=\/wp\/v2\/pages\/214","targetHints":{"allow":["GET"]}}],"collection":[{"href":"https:\/\/handsforhorses.se\/index.php?rest_route=\/wp\/v2\/pages"}],"about":[{"href":"https:\/\/handsforhorses.se\/index.php?rest_route=\/wp\/v2\/types\/page"}],"author":[{"embeddable":true,"href":"https:\/\/handsforhorses.se\/index.php?rest_route=\/wp\/v2\/users\/2"}],"replies":[{"embeddable":true,"href":"https:\/\/handsforhorses.se\/index.php?rest_route=%2Fwp%2Fv2%2Fcomments&post=214"}],"version-history":[{"count":8,"href":"https:\/\/handsforhorses.se\/index.php?rest_route=\/wp\/v2\/pages\/214\/revisions"}],"predecessor-version":[{"id":534,"href":"https:\/\/handsforhorses.se\/index.php?rest_route=\/wp\/v2\/pages\/214\/revisions\/534"}],"wp:attachment":[{"href":"https:\/\/handsforhorses.se\/index.php?rest_route=%2Fwp%2Fv2%2Fmedia&parent=214"}],"curies":[{"name":"wp","href":"https:\/\/api.w.org\/{rel}","templated":true}]}}