{"id":16,"date":"2018-09-19T07:44:54","date_gmt":"2018-09-19T07:44:54","guid":{"rendered":"https:\/\/handsforhorses.se\/?page_id=16"},"modified":"2024-01-07T13:44:04","modified_gmt":"2024-01-07T13:44:04","slug":"pferdemassage-moderne-therapie-oder-neumodischer-schnickschnack-2","status":"publish","type":"page","link":"https:\/\/handsforhorses.se\/?page_id=16&lang=de","title":{"rendered":"Pferdemassage &#8211; moderne Therapie oder neumodischer Schnickschnack?"},"content":{"rendered":"<p>So mancher wird sich fragen, ob Massage von Tieren ein fortschrittlicher therapeutischer Ansatz oder lediglich neumodischer Schnickschnack ist.<\/p>\n<p>Doch weit gefehlt! Bereits im alten \u00c4gypten wurden Veterin\u00e4re von Tiermasseuren begleitet. Im antiken Griechenland war das Massieren von Hunden durchaus \u00fcblich. Ebenso beschrieb Galenus, Gladiatorenarzt im antiken Griechenland, die Anwendung und den positiven Effekt der klassischen Massage bei den Athleten.<\/p>\n<p><img loading=\"lazy\" decoding=\"async\" class=\"alignnone size-full wp-image-413\" src=\"https:\/\/handsforhorses.se\/wp-content\/uploads\/2020\/05\/image008.jpg\" alt=\"\" width=\"225\" height=\"216\" \/><img loading=\"lazy\" decoding=\"async\" class=\"alignnone size-medium wp-image-415\" src=\"https:\/\/handsforhorses.se\/wp-content\/uploads\/2020\/05\/Deutsch-text-1-300x200.jpg\" alt=\"\" width=\"300\" height=\"200\" srcset=\"https:\/\/handsforhorses.se\/wp-content\/uploads\/2020\/05\/Deutsch-text-1-300x200.jpg 300w, https:\/\/handsforhorses.se\/wp-content\/uploads\/2020\/05\/Deutsch-text-1-1024x682.jpg 1024w, https:\/\/handsforhorses.se\/wp-content\/uploads\/2020\/05\/Deutsch-text-1-768x512.jpg 768w, https:\/\/handsforhorses.se\/wp-content\/uploads\/2020\/05\/Deutsch-text-1-1536x1024.jpg 1536w, https:\/\/handsforhorses.se\/wp-content\/uploads\/2020\/05\/Deutsch-text-1-480x320.jpg 480w, https:\/\/handsforhorses.se\/wp-content\/uploads\/2020\/05\/Deutsch-text-1-450x300.jpg 450w, https:\/\/handsforhorses.se\/wp-content\/uploads\/2020\/05\/Deutsch-text-1.jpg 1688w\" sizes=\"auto, (max-width: 300px) 100vw, 300px\" \/><\/p>\n<p><span style=\"font-size: inherit;\">In seinem Buch \u201eHandbuch der Massage und Heilgymnastik&#8221; (erschienen 1926 im Georg Thieme Verlag), weist Frank Kirchberg auf die Massage als nat\u00fcrliche Reaktion des Menschen auf einen k\u00f6rperlichen Schmerz hin:<\/span><span style=\"color: #004000;\">\u00a0\u201eWie jeder Mensch instinktiv eine geschwollene und deshalb schmerzende oder gesto\u00dfene Stelle seines K\u00f6rpers reibt oder dr\u00fcckt und so versucht, den durch die Spannung verursachten Schmerz zu mindern, so wird dieses instinktive Mittel wohl auch als Heilmittel zu allen Zeiten angewandt worden sein.\u201c<\/span><\/p>\n<div>\n<p>\u00c4hnlich reagiert das Pferd: Durch W\u00e4lzen bei Kolik, an die Wand dr\u00fccken und Reiben bei Juckreiz, Freibuckeln bei Muskelverspannungen versucht es, die unangenehmen Empfindungen los zu werden. Eine Massage kommt unserem Freund daher durchaus entgegen.<\/p>\n<p>Die Massage, wie sie heute bei Menschen praktiziert wird, wurde von dem Schweden Henrik Ling ins Leben gerufen. Er entwickelte die Massagetechniken weiter und erschuf die sogenannte \u201eSchwedische Massage\u201c, deren Grundtechniken heute noch g\u00fcltig sind.<\/p>\n<p>Jack Meagher hat die Massage f\u00fcr Pferde erfolgreich entwickelt und etabliert. Er gilt als Vorreiter der modernen Pferdemassage. Seine Techniken werden von Pferdemasseuren weltweit angewendet und verbreitet. Besonders die Stresspunktmassage ist ein Grundstein der equinen Sportmassage in der heutigen Zeit.<\/p>\n<\/div>\n","protected":false},"excerpt":{"rendered":"<p>So mancher wird sich fragen, ob Massage von Tieren ein fortschrittlicher therapeutischer Ansatz oder lediglich neumodischer Schnickschnack ist. Doch weit gefehlt! Bereits im alten \u00c4gypten wurden Veterin\u00e4re von Tiermasseuren begleitet. Im antiken Griechenland war das Massieren von Hunden durchaus \u00fcblich. Ebenso beschrieb Galenus, Gladiatorenarzt im antiken Griechenland, die Anwendung und den positiven Effekt der klassischen&hellip; <a class=\"more-link\" href=\"https:\/\/handsforhorses.se\/?page_id=16&#038;lang=de\">L\u00e4s mer <span class=\"screen-reader-text\">Pferdemassage &#8211; moderne Therapie oder neumodischer Schnickschnack?<\/span><\/a><\/p>\n","protected":false},"author":1,"featured_media":0,"parent":0,"menu_order":0,"comment_status":"closed","ping_status":"closed","template":"","meta":{"footnotes":""},"class_list":["post-16","page","type-page","status-publish","hentry"],"_links":{"self":[{"href":"https:\/\/handsforhorses.se\/index.php?rest_route=\/wp\/v2\/pages\/16","targetHints":{"allow":["GET"]}}],"collection":[{"href":"https:\/\/handsforhorses.se\/index.php?rest_route=\/wp\/v2\/pages"}],"about":[{"href":"https:\/\/handsforhorses.se\/index.php?rest_route=\/wp\/v2\/types\/page"}],"author":[{"embeddable":true,"href":"https:\/\/handsforhorses.se\/index.php?rest_route=\/wp\/v2\/users\/1"}],"replies":[{"embeddable":true,"href":"https:\/\/handsforhorses.se\/index.php?rest_route=%2Fwp%2Fv2%2Fcomments&post=16"}],"version-history":[{"count":8,"href":"https:\/\/handsforhorses.se\/index.php?rest_route=\/wp\/v2\/pages\/16\/revisions"}],"predecessor-version":[{"id":525,"href":"https:\/\/handsforhorses.se\/index.php?rest_route=\/wp\/v2\/pages\/16\/revisions\/525"}],"wp:attachment":[{"href":"https:\/\/handsforhorses.se\/index.php?rest_route=%2Fwp%2Fv2%2Fmedia&parent=16"}],"curies":[{"name":"wp","href":"https:\/\/api.w.org\/{rel}","templated":true}]}}