{"id":10,"date":"2018-09-19T07:41:07","date_gmt":"2018-09-19T07:41:07","guid":{"rendered":"https:\/\/handsforhorses.se\/?page_id=10"},"modified":"2024-01-07T15:50:18","modified_gmt":"2024-01-07T15:50:18","slug":"hands-for-horses-sweden","status":"publish","type":"page","link":"https:\/\/handsforhorses.se\/?page_id=10","title":{"rendered":"H\u00e4stmassage\u2013 modern terapi eller nymodigt p\u00e5fund?"},"content":{"rendered":"<p>Ni kanske undrar om djurmassage \u00e4r en progressiv terapeutisk metod eller bara en nymodig finess.<\/p>\n<p>Men l\u00e5ngt d\u00e4rifr\u00e5n! Redan i det gamla Egypten hade veterin\u00e4rer med sig djurmass\u00f6rer. I det antika Grekland var det ganska vanligt att massera hundar. Galenus, en av gladiatorernas l\u00e4kare i det antika Grekland, beskrev ocks\u00e5 anv\u00e4ndningen och den positiva effekten av klassisk massage p\u00e5 atleter.<\/p>\n<p><img loading=\"lazy\" decoding=\"async\" class=\"alignnone  wp-image-406\" src=\"https:\/\/handsforhorses.se\/wp-content\/uploads\/2020\/05\/Kompression-B-300x200.jpg\" alt=\"\" width=\"263\" height=\"175\" srcset=\"https:\/\/handsforhorses.se\/wp-content\/uploads\/2020\/05\/Kompression-B-300x200.jpg 300w, https:\/\/handsforhorses.se\/wp-content\/uploads\/2020\/05\/Kompression-B-1024x683.jpg 1024w, https:\/\/handsforhorses.se\/wp-content\/uploads\/2020\/05\/Kompression-B-768x512.jpg 768w, https:\/\/handsforhorses.se\/wp-content\/uploads\/2020\/05\/Kompression-B-1536x1024.jpg 1536w, https:\/\/handsforhorses.se\/wp-content\/uploads\/2020\/05\/Kompression-B-2048x1365.jpg 2048w, https:\/\/handsforhorses.se\/wp-content\/uploads\/2020\/05\/Kompression-B-480x320.jpg 480w, https:\/\/handsforhorses.se\/wp-content\/uploads\/2020\/05\/Kompression-B-450x300.jpg 450w\" sizes=\"auto, (max-width: 263px) 100vw, 263px\" \/><img loading=\"lazy\" decoding=\"async\" class=\"alignnone  wp-image-408\" src=\"https:\/\/handsforhorses.se\/wp-content\/uploads\/2020\/05\/Swedish-new-text-300x200.jpg\" alt=\"\" width=\"299\" height=\"199\" srcset=\"https:\/\/handsforhorses.se\/wp-content\/uploads\/2020\/05\/Swedish-new-text-300x200.jpg 300w, https:\/\/handsforhorses.se\/wp-content\/uploads\/2020\/05\/Swedish-new-text-1024x682.jpg 1024w, https:\/\/handsforhorses.se\/wp-content\/uploads\/2020\/05\/Swedish-new-text-768x512.jpg 768w, https:\/\/handsforhorses.se\/wp-content\/uploads\/2020\/05\/Swedish-new-text-1536x1024.jpg 1536w, https:\/\/handsforhorses.se\/wp-content\/uploads\/2020\/05\/Swedish-new-text-480x320.jpg 480w, https:\/\/handsforhorses.se\/wp-content\/uploads\/2020\/05\/Swedish-new-text-450x300.jpg 450w, https:\/\/handsforhorses.se\/wp-content\/uploads\/2020\/05\/Swedish-new-text.jpg 1688w\" sizes=\"auto, (max-width: 299px) 100vw, 299px\" \/><\/p>\n<p>I sin bok &#8221;Handbuch der Massage und Heilgymnastik&#8221; (utgiven av Georg Thieme Verlag 1926) beskriver Frank Kirchberg massage som en naturlig reaktion p\u00e5 fysisk sm\u00e4rta: &#8221;Precis som varje m\u00e4nniska instinktivt gnider eller trycker p\u00e5 ett svullet och d\u00e4rmed sm\u00e4rtsamt eller bl\u00e5slaget omr\u00e5de av kroppen f\u00f6r att f\u00f6rs\u00f6ka minska den sm\u00e4rta som sp\u00e4nningen orsakar, har detta instinktiva medel f\u00f6rmodligen alltid anv\u00e4nts som ett botemedel.&#8221;<\/p>\n<div>\n<p>H\u00e4star reagerar p\u00e5 liknande s\u00e4tt: de f\u00f6rs\u00f6ker bli av med obehagliga k\u00e4nslor genom att rulla runt i h\u00e4ndelse av kolik, trycka mot v\u00e4ggen och gnugga i h\u00e4ndelse av kl\u00e5da och hoppa i h\u00e4ndelse av muskelsp\u00e4nningar. En massage \u00e4r d\u00e4rf\u00f6r mycket f\u00f6rdelaktig f\u00f6r v\u00e5r v\u00e4n.<\/p>\n<p>Massage som den praktiseras p\u00e5 m\u00e4nniskor idag skapades av den svenska Henrik Ling. Han vidareutvecklade massageteknikerna och skapade den s\u00e5 kallade &#8221;svenska massagen&#8221;, vars grundl\u00e4ggande tekniker anv\u00e4nds \u00e4n idag.<\/p>\n<p>Jack Meagher utvecklade och etablerade framg\u00e5ngsrikt massagemetoden f\u00f6r h\u00e4star. Han betraktas som en pionj\u00e4r inom modern h\u00e4stmassage. Hans tekniker anv\u00e4nds och sprids av h\u00e4stmass\u00f6rer \u00f6ver hela v\u00e4rlden. S\u00e4rskilt stresspunktsmassage \u00e4r en h\u00f6rnsten i dagens h\u00e4stsportmassage.<\/p>\n<\/div>\n","protected":false},"excerpt":{"rendered":"<p>Ni kanske undrar om djurmassage \u00e4r en progressiv terapeutisk metod eller bara en nymodig finess. Men l\u00e5ngt d\u00e4rifr\u00e5n! Redan i det gamla Egypten hade veterin\u00e4rer med sig djurmass\u00f6rer. I det antika Grekland var det ganska vanligt att massera hundar. Galenus, en av gladiatorernas l\u00e4kare i det antika Grekland, beskrev ocks\u00e5 anv\u00e4ndningen och den positiva effekten&hellip; <a class=\"more-link\" href=\"https:\/\/handsforhorses.se\/?page_id=10\">L\u00e4s mer <span class=\"screen-reader-text\">H\u00e4stmassage\u2013 modern terapi eller nymodigt p\u00e5fund?<\/span><\/a><\/p>\n","protected":false},"author":1,"featured_media":0,"parent":0,"menu_order":0,"comment_status":"closed","ping_status":"closed","template":"","meta":{"footnotes":""},"class_list":["post-10","page","type-page","status-publish","hentry"],"_links":{"self":[{"href":"https:\/\/handsforhorses.se\/index.php?rest_route=\/wp\/v2\/pages\/10","targetHints":{"allow":["GET"]}}],"collection":[{"href":"https:\/\/handsforhorses.se\/index.php?rest_route=\/wp\/v2\/pages"}],"about":[{"href":"https:\/\/handsforhorses.se\/index.php?rest_route=\/wp\/v2\/types\/page"}],"author":[{"embeddable":true,"href":"https:\/\/handsforhorses.se\/index.php?rest_route=\/wp\/v2\/users\/1"}],"replies":[{"embeddable":true,"href":"https:\/\/handsforhorses.se\/index.php?rest_route=%2Fwp%2Fv2%2Fcomments&post=10"}],"version-history":[{"count":8,"href":"https:\/\/handsforhorses.se\/index.php?rest_route=\/wp\/v2\/pages\/10\/revisions"}],"predecessor-version":[{"id":548,"href":"https:\/\/handsforhorses.se\/index.php?rest_route=\/wp\/v2\/pages\/10\/revisions\/548"}],"wp:attachment":[{"href":"https:\/\/handsforhorses.se\/index.php?rest_route=%2Fwp%2Fv2%2Fmedia&parent=10"}],"curies":[{"name":"wp","href":"https:\/\/api.w.org\/{rel}","templated":true}]}}